{"id":355,"date":"2025-10-01T08:46:38","date_gmt":"2025-10-01T08:46:38","guid":{"rendered":"https:\/\/lireco.se\/contact-us\/"},"modified":"2025-11-10T10:46:36","modified_gmt":"2025-11-10T10:46:36","slug":"contact-us","status":"publish","type":"page","link":"https:\/\/lireco.se\/en\/contact-us\/","title":{"rendered":"Contact Us"},"content":{"rendered":"\n<div class=\"wp-block-lirico-text-cta alignwide text-cta\"><div class=\"text-cta__container\"><div class=\"text-cta__grid\"><div class=\"text-cta__content-wrapper\"><h2 class=\"text-cta__heading\">We are here for you<\/h2><div class=\"text-cta__content\">Whether you&#8217;re a doctor, nurse, or employer, we&#8217;re happy to answer your questions. Fill out the form or contact us directly by phone or email. <\/div><\/div><\/div><\/div><\/div>\n\n\n\n<div class=\"wp-block-lirico-spacer spacer spacer--center spacer--full\" style=\"min-height:96px\"><div class=\"spacer__container\"><div class=\"spacer__grid\"><div class=\"spacer__content\"><\/div><\/div><\/div><\/div>\n\n\n\n<div class=\"wp-block-lirico-contact-form wp-block-custom-blocks-theme-contact-form\"><div class=\"contact-form\"><div class=\"contact-form__container\"><div class=\"contact-form__grid\"><div class=\"contact-form__form-section\"><form class=\"contact-form__form\" id=\"contact-form\"><div class=\"contact-form__field-group\"><div class=\"contact-form__field\"><label class=\"contact-form__label\" for=\"full-name\">First name and last name<span class=\"contact-form__required\">*<\/span><\/label><input type=\"text\" id=\"full-name\" name=\"full_name\" class=\"contact-form__input\" placeholder=\"First name and last name\" required\/><\/div><\/div><div class=\"contact-form__field\"><label class=\"contact-form__label\" for=\"language\">Language you speak<span class=\"contact-form__required\">*<\/span><\/label><div class=\"contact-form__custom-select\" data-custom-select=\"true\" data-required=\"true\"><input type=\"hidden\" id=\"language\" name=\"language\" class=\"contact-form__custom-select-value\"\/><div class=\"contact-form__custom-select-trigger\"><span>Language you speak<\/span><svg class=\"contact-form__custom-select-arrow\" width=\"20\" height=\"20\" viewBox=\"0 0 24 24\" fill=\"none\" xmlns=\"http:\/\/www.w3.org\/2000\/svg\"><path d=\"M7.41 8.59L12 13.17l4.59-4.58L18 10l-6 6-6-6 1.41-1.41z\" fill=\"#999999\"><\/path><\/svg><\/div><div class=\"contact-form__custom-select-options\"><div class=\"contact-form__custom-select-option\" data-value=\"svenska\">Svenska<\/div><div class=\"contact-form__custom-select-option\" data-value=\"engelska\">Engelska<\/div><div class=\"contact-form__custom-select-option\" data-value=\"arabiska\">Arabiska<\/div><div class=\"contact-form__custom-select-option\" data-value=\"somaliska\">Somaliska<\/div><div class=\"contact-form__custom-select-option\" data-value=\"polska\">Polska<\/div><div class=\"contact-form__custom-select-option\" data-value=\"spanska\">Spanska<\/div><div class=\"contact-form__custom-select-option\" data-value=\"annat\">Annat<\/div><\/div><\/div><\/div><div class=\"contact-form__field\"><label class=\"contact-form__label\" for=\"profession\">Profession\/specialty<span class=\"contact-form__required\">*<\/span><\/label><div class=\"contact-form__custom-select\" data-custom-select=\"true\" data-required=\"true\"><input type=\"hidden\" id=\"profession\" name=\"profession\" class=\"contact-form__custom-select-value\"\/><div class=\"contact-form__custom-select-trigger\"><span>Select<\/span><svg class=\"contact-form__custom-select-arrow\" width=\"20\" height=\"20\" viewBox=\"0 0 24 24\" fill=\"none\" xmlns=\"http:\/\/www.w3.org\/2000\/svg\"><path d=\"M7.41 8.59L12 13.17l4.59-4.58L18 10l-6 6-6-6 1.41-1.41z\" fill=\"#999999\"><\/path><\/svg><\/div><div class=\"contact-form__custom-select-options\"><div class=\"contact-form__custom-select-option\" data-value=\"sjukskoterska\">Sjuksk\u00f6terska<\/div><div class=\"contact-form__custom-select-option\" data-value=\"underskoterska\">Undersk\u00f6terska<\/div><div class=\"contact-form__custom-select-option\" data-value=\"lakare\">L\u00e4kare<\/div><div class=\"contact-form__custom-select-option\" data-value=\"vardbitraden\">V\u00e5rdbitr\u00e4den<\/div><div class=\"contact-form__custom-select-option\" data-value=\"arbetsterapeut\">Arbetsterapeut<\/div><div class=\"contact-form__custom-select-option\" data-value=\"fysioterapeut\">Fysioterapeut<\/div><div class=\"contact-form__custom-select-option\" data-value=\"annat\">Annat<\/div><\/div><\/div><\/div><div class=\"contact-form__field\"><label class=\"contact-form__label\" for=\"phone\">Telephone number<span class=\"contact-form__required\">*<\/span><\/label><input type=\"tel\" id=\"phone\" name=\"phone\" class=\"contact-form__input\" placeholder=\"+46\" required\/><\/div><div class=\"contact-form__field\"><label class=\"contact-form__label\" for=\"email\">Email address<span class=\"contact-form__required\">*<\/span><\/label><input type=\"email\" id=\"email\" name=\"email\" class=\"contact-form__input\" placeholder=\"Email address\" required\/><\/div><div class=\"contact-form__field\"><label class=\"contact-form__label\" for=\"message\">Message<\/label><textarea id=\"message\" name=\"message\" class=\"contact-form__textarea\" rows=\"4\" placeholder=\"Message\"><\/textarea><\/div><div class=\"contact-form__field\"><label class=\"contact-form__label\">Upload documents<\/label><div class=\"contact-form__upload-area\" data-upload-area=\"true\"><input type=\"file\" id=\"document\" name=\"document\" class=\"contact-form__file-input\" accept=\".pdf,.doc,.docx\" hidden\/><div class=\"contact-form__upload-content\"><span class=\"contact-form__upload-icon\">\ud83d\udcc4<\/span><span class=\"contact-form__upload-text\">Upload a file<\/span><span class=\"contact-form__upload-hint\">Drag and drop files here<\/span><\/div><\/div><div class=\"contact-form__upload-status\" data-upload-status=\"true\" style=\"display:none\"><\/div><\/div><div class=\"contact-form__field contact-form__checkbox-field\"><label class=\"contact-form__checkbox-label\"><input type=\"checkbox\" id=\"privacy\" name=\"privacy\" class=\"contact-form__checkbox\" required\/><span class=\"contact-form__checkbox-text\">I approve  <a href=\"https:\/\/lireco.se\/en\/privacy-policy\/\" class=\"contact-form__link\" target=\"_blank\" rel=\"noopener noreferrer\">privacy policy<\/a>.<\/span><\/label><\/div><div class=\"contact-form__submit\"><button type=\"submit\" class=\"contact-form__button button button--primary\"><span class=\"contact-form__button-text\">Send<\/span><span class=\"contact-form__button-loading\" style=\"display:none\">Sending&#8230;<\/span><\/button><\/div><div class=\"contact-form__messages\" data-form-messages=\"true\"><\/div><\/form><\/div><div class=\"contact-form__text-section\"><div class=\"contact-form__text-content\"><h2 class=\"contact-form__heading\">Contact us<\/h2><div class=\"contact-form__content\"><p>Do you have questions about how we work, our courses or recruitment?<\/p><p><br>Whether you are a doctor, nurse, employer or just curious about what we do \u2013 we are happy to help you further.<br><br>You can fill out the form, send an email, or call us directly. We will respond as quickly as we can \u2013 usually within 1\u20132 business days.<\/p><\/div><\/div><\/div><\/div><\/div><\/div><\/div>\n\n\n\n<div class=\"wp-block-lirico-spacer spacer spacer--center spacer--full\" style=\"min-height:96px\"><div class=\"spacer__container\"><div class=\"spacer__grid\"><div class=\"spacer__content\"><\/div><\/div><\/div><\/div>\n","protected":false},"excerpt":{"rendered":"","protected":false},"author":1,"featured_media":0,"parent":0,"menu_order":0,"comment_status":"closed","ping_status":"closed","template":"","meta":{"footnotes":""},"class_list":["post-355","page","type-page","status-publish","hentry"],"yoast_head":"<!-- This site is optimized with the Yoast SEO plugin v27.2 - https:\/\/yoast.com\/product\/yoast-seo-wordpress\/ -->\n<title>We are Here for You with Quick Answers - LiReco<\/title>\n<meta name=\"description\" content=\"We are here for you. Contact us with questions about courses, recruitment, or how we work.\" \/>\n<meta name=\"robots\" content=\"index, follow, max-snippet:-1, max-image-preview:large, max-video-preview:-1\" \/>\n<link rel=\"canonical\" href=\"https:\/\/lireco.se\/en\/contact-us\/\" \/>\n<meta property=\"og:locale\" content=\"en_US\" \/>\n<meta property=\"og:type\" content=\"article\" \/>\n<meta property=\"og:title\" content=\"We are Here for You with Quick Answers - LiReco\" \/>\n<meta property=\"og:description\" content=\"We are here for you. Contact us with questions about courses, recruitment, or how we work.\" \/>\n<meta property=\"og:url\" content=\"https:\/\/lireco.se\/en\/contact-us\/\" \/>\n<meta property=\"og:site_name\" content=\"LiReco\" \/>\n<meta property=\"article:publisher\" content=\"https:\/\/www.facebook.com\/lireco.se\" \/>\n<meta property=\"article:modified_time\" content=\"2025-11-10T10:46:36+00:00\" \/>\n<meta name=\"twitter:card\" content=\"summary_large_image\" \/>\n<meta name=\"twitter:label1\" content=\"Est. reading time\" \/>\n\t<meta name=\"twitter:data1\" content=\"1 minute\" \/>\n<script type=\"application\/ld+json\" class=\"yoast-schema-graph\">{\"@context\":\"https:\/\/schema.org\",\"@graph\":[{\"@type\":\"WebPage\",\"@id\":\"https:\/\/lireco.se\/en\/contact-us\/\",\"url\":\"https:\/\/lireco.se\/en\/contact-us\/\",\"name\":\"We are Here for You with Quick Answers - LiReco\",\"isPartOf\":{\"@id\":\"https:\/\/lireco.se\/en\/#website\"},\"datePublished\":\"2025-10-01T08:46:38+00:00\",\"dateModified\":\"2025-11-10T10:46:36+00:00\",\"description\":\"We are here for you. Contact us with questions about courses, recruitment, or how we work.\",\"breadcrumb\":{\"@id\":\"https:\/\/lireco.se\/en\/contact-us\/#breadcrumb\"},\"inLanguage\":\"en-US\",\"potentialAction\":[{\"@type\":\"ReadAction\",\"target\":[\"https:\/\/lireco.se\/en\/contact-us\/\"]}]},{\"@type\":\"BreadcrumbList\",\"@id\":\"https:\/\/lireco.se\/en\/contact-us\/#breadcrumb\",\"itemListElement\":[{\"@type\":\"ListItem\",\"position\":1,\"name\":\"Home\",\"item\":\"https:\/\/lireco.se\/en\/\"},{\"@type\":\"ListItem\",\"position\":2,\"name\":\"Contact Us\"}]},{\"@type\":\"WebSite\",\"@id\":\"https:\/\/lireco.se\/en\/#website\",\"url\":\"https:\/\/lireco.se\/en\/\",\"name\":\"LiReco\",\"description\":\"Li-Reco \u2013 Rekrytering och spr\u00e5kutbildning f\u00f6r svensk h\u00e4lso och sjukv\u00e5rd\",\"publisher\":{\"@id\":\"https:\/\/lireco.se\/en\/#organization\"},\"potentialAction\":[{\"@type\":\"SearchAction\",\"target\":{\"@type\":\"EntryPoint\",\"urlTemplate\":\"https:\/\/lireco.se\/en\/?s={search_term_string}\"},\"query-input\":{\"@type\":\"PropertyValueSpecification\",\"valueRequired\":true,\"valueName\":\"search_term_string\"}}],\"inLanguage\":\"en-US\"},{\"@type\":\"Organization\",\"@id\":\"https:\/\/lireco.se\/en\/#organization\",\"name\":\"LiReco\",\"url\":\"https:\/\/lireco.se\/en\/\",\"logo\":{\"@type\":\"ImageObject\",\"inLanguage\":\"en-US\",\"@id\":\"https:\/\/lireco.se\/en\/#\/schema\/logo\/image\/\",\"url\":\"https:\/\/lireco.se\/wp-content\/uploads\/2025\/11\/cropped-logo-lireco-1.png\",\"contentUrl\":\"https:\/\/lireco.se\/wp-content\/uploads\/2025\/11\/cropped-logo-lireco-1.png\",\"width\":384,\"height\":173,\"caption\":\"LiReco\"},\"image\":{\"@id\":\"https:\/\/lireco.se\/en\/#\/schema\/logo\/image\/\"},\"sameAs\":[\"https:\/\/www.facebook.com\/lireco.se\"]}]}<\/script>\n<!-- \/ Yoast SEO plugin. -->","yoast_head_json":{"title":"We are Here for You with Quick Answers - LiReco","description":"We are here for you. Contact us with questions about courses, recruitment, or how we work.","robots":{"index":"index","follow":"follow","max-snippet":"max-snippet:-1","max-image-preview":"max-image-preview:large","max-video-preview":"max-video-preview:-1"},"canonical":"https:\/\/lireco.se\/en\/contact-us\/","og_locale":"en_US","og_type":"article","og_title":"We are Here for You with Quick Answers - LiReco","og_description":"We are here for you. Contact us with questions about courses, recruitment, or how we work.","og_url":"https:\/\/lireco.se\/en\/contact-us\/","og_site_name":"LiReco","article_publisher":"https:\/\/www.facebook.com\/lireco.se","article_modified_time":"2025-11-10T10:46:36+00:00","twitter_card":"summary_large_image","twitter_misc":{"Est. reading time":"1 minute"},"schema":{"@context":"https:\/\/schema.org","@graph":[{"@type":"WebPage","@id":"https:\/\/lireco.se\/en\/contact-us\/","url":"https:\/\/lireco.se\/en\/contact-us\/","name":"We are Here for You with Quick Answers - LiReco","isPartOf":{"@id":"https:\/\/lireco.se\/en\/#website"},"datePublished":"2025-10-01T08:46:38+00:00","dateModified":"2025-11-10T10:46:36+00:00","description":"We are here for you. Contact us with questions about courses, recruitment, or how we work.","breadcrumb":{"@id":"https:\/\/lireco.se\/en\/contact-us\/#breadcrumb"},"inLanguage":"en-US","potentialAction":[{"@type":"ReadAction","target":["https:\/\/lireco.se\/en\/contact-us\/"]}]},{"@type":"BreadcrumbList","@id":"https:\/\/lireco.se\/en\/contact-us\/#breadcrumb","itemListElement":[{"@type":"ListItem","position":1,"name":"Home","item":"https:\/\/lireco.se\/en\/"},{"@type":"ListItem","position":2,"name":"Contact Us"}]},{"@type":"WebSite","@id":"https:\/\/lireco.se\/en\/#website","url":"https:\/\/lireco.se\/en\/","name":"LiReco","description":"Li-Reco \u2013 Rekrytering och spr\u00e5kutbildning f\u00f6r svensk h\u00e4lso och sjukv\u00e5rd","publisher":{"@id":"https:\/\/lireco.se\/en\/#organization"},"potentialAction":[{"@type":"SearchAction","target":{"@type":"EntryPoint","urlTemplate":"https:\/\/lireco.se\/en\/?s={search_term_string}"},"query-input":{"@type":"PropertyValueSpecification","valueRequired":true,"valueName":"search_term_string"}}],"inLanguage":"en-US"},{"@type":"Organization","@id":"https:\/\/lireco.se\/en\/#organization","name":"LiReco","url":"https:\/\/lireco.se\/en\/","logo":{"@type":"ImageObject","inLanguage":"en-US","@id":"https:\/\/lireco.se\/en\/#\/schema\/logo\/image\/","url":"https:\/\/lireco.se\/wp-content\/uploads\/2025\/11\/cropped-logo-lireco-1.png","contentUrl":"https:\/\/lireco.se\/wp-content\/uploads\/2025\/11\/cropped-logo-lireco-1.png","width":384,"height":173,"caption":"LiReco"},"image":{"@id":"https:\/\/lireco.se\/en\/#\/schema\/logo\/image\/"},"sameAs":["https:\/\/www.facebook.com\/lireco.se"]}]}},"_links":{"self":[{"href":"https:\/\/lireco.se\/en\/wp-json\/wp\/v2\/pages\/355","targetHints":{"allow":["GET"]}}],"collection":[{"href":"https:\/\/lireco.se\/en\/wp-json\/wp\/v2\/pages"}],"about":[{"href":"https:\/\/lireco.se\/en\/wp-json\/wp\/v2\/types\/page"}],"author":[{"embeddable":true,"href":"https:\/\/lireco.se\/en\/wp-json\/wp\/v2\/users\/1"}],"replies":[{"embeddable":true,"href":"https:\/\/lireco.se\/en\/wp-json\/wp\/v2\/comments?post=355"}],"version-history":[{"count":7,"href":"https:\/\/lireco.se\/en\/wp-json\/wp\/v2\/pages\/355\/revisions"}],"predecessor-version":[{"id":972,"href":"https:\/\/lireco.se\/en\/wp-json\/wp\/v2\/pages\/355\/revisions\/972"}],"wp:attachment":[{"href":"https:\/\/lireco.se\/en\/wp-json\/wp\/v2\/media?parent=355"}],"curies":[{"name":"wp","href":"https:\/\/api.w.org\/{rel}","templated":true}]}}