{"id":363,"date":"2025-10-01T08:12:41","date_gmt":"2025-10-01T08:12:41","guid":{"rendered":"https:\/\/lireco.se\/language-training\/"},"modified":"2025-11-10T10:43:38","modified_gmt":"2025-11-10T10:43:38","slug":"language-training","status":"publish","type":"page","link":"https:\/\/lireco.se\/en\/language-training\/","title":{"rendered":"Language Training"},"content":{"rendered":"\n<div class=\"wp-block-lirico-sub-hero sub-hero sub-hero--text-left\"><div class=\"sub-hero__container\"><div class=\"sub-hero__grid\"><div class=\"sub-hero__text\"><div class=\"sub-hero__text-content\"><h1 class=\"sub-hero__heading\">Intensive Swedish course for healthcare professionals<\/h1><div class=\"sub-hero__content\">The Swedish National Board of Health and Welfare requires all healthcare professionals with EU education to have Swedish at C1 level according to CEFR in order to obtain Swedish professional certification.<br><br>Our language training takes candidates all the way from basic level to C1 \u2013 with a focus on medical Swedish, everyday language and integration into Swedish society.<\/div><\/div><\/div><div class=\"sub-hero__image\"><div class=\"sub-hero__image-container\"><img decoding=\"async\" src=\"https:\/\/lireco.se\/wp-content\/uploads\/2025\/09\/Rectangle-4679.png\" alt=\"\" class=\"sub-hero__img\"\/><\/div><\/div><\/div><\/div><\/div>\n\n\n\n<div class=\"wp-block-lirico-spacer spacer spacer--center spacer--full\" style=\"min-height:96px\"><div class=\"spacer__container\"><div class=\"spacer__grid\"><div class=\"spacer__content\"><\/div><\/div><\/div><\/div>\n\n\n\n<div class=\"wp-block-lirico-contact-form wp-block-custom-blocks-theme-contact-form\"><div class=\"contact-form\"><div class=\"contact-form__container\"><div class=\"contact-form__grid\"><div class=\"contact-form__form-section\"><form class=\"contact-form__form\" id=\"contact-form\"><div class=\"contact-form__field-group\"><div class=\"contact-form__field\"><label class=\"contact-form__label\" for=\"full-name\">First name and last name<span class=\"contact-form__required\">*<\/span><\/label><input type=\"text\" id=\"full-name\" name=\"full_name\" class=\"contact-form__input\" placeholder=\"First name and last name\" required\/><\/div><\/div><div class=\"contact-form__field\"><label class=\"contact-form__label\" for=\"language\">Language you speak<span class=\"contact-form__required\">*<\/span><\/label><div class=\"contact-form__custom-select\" data-custom-select=\"true\" data-required=\"true\"><input type=\"hidden\" id=\"language\" name=\"language\" class=\"contact-form__custom-select-value\"\/><div class=\"contact-form__custom-select-trigger\"><span>Language you speak<\/span><svg class=\"contact-form__custom-select-arrow\" width=\"20\" height=\"20\" viewBox=\"0 0 24 24\" fill=\"none\" xmlns=\"http:\/\/www.w3.org\/2000\/svg\"><path d=\"M7.41 8.59L12 13.17l4.59-4.58L18 10l-6 6-6-6 1.41-1.41z\" fill=\"#999999\"><\/path><\/svg><\/div><div class=\"contact-form__custom-select-options\"><div class=\"contact-form__custom-select-option\" data-value=\"svenska\">Svenska<\/div><div class=\"contact-form__custom-select-option\" data-value=\"engelska\">Engelska<\/div><div class=\"contact-form__custom-select-option\" data-value=\"arabiska\">Arabiska<\/div><div class=\"contact-form__custom-select-option\" data-value=\"somaliska\">Somaliska<\/div><div class=\"contact-form__custom-select-option\" data-value=\"polska\">Polska<\/div><div class=\"contact-form__custom-select-option\" data-value=\"spanska\">Spanska<\/div><div class=\"contact-form__custom-select-option\" data-value=\"annat\">Annat<\/div><\/div><\/div><\/div><div class=\"contact-form__field\"><label class=\"contact-form__label\" for=\"profession\">Profession\/specialty<span class=\"contact-form__required\">*<\/span><\/label><div class=\"contact-form__custom-select\" data-custom-select=\"true\" data-required=\"true\"><input type=\"hidden\" id=\"profession\" name=\"profession\" class=\"contact-form__custom-select-value\"\/><div class=\"contact-form__custom-select-trigger\"><span>Select<\/span><svg class=\"contact-form__custom-select-arrow\" width=\"20\" height=\"20\" viewBox=\"0 0 24 24\" fill=\"none\" xmlns=\"http:\/\/www.w3.org\/2000\/svg\"><path d=\"M7.41 8.59L12 13.17l4.59-4.58L18 10l-6 6-6-6 1.41-1.41z\" fill=\"#999999\"><\/path><\/svg><\/div><div class=\"contact-form__custom-select-options\"><div class=\"contact-form__custom-select-option\" data-value=\"sjukskoterska\">Sjuksk\u00f6terska<\/div><div class=\"contact-form__custom-select-option\" data-value=\"underskoterska\">Undersk\u00f6terska<\/div><div class=\"contact-form__custom-select-option\" data-value=\"lakare\">L\u00e4kare<\/div><div class=\"contact-form__custom-select-option\" data-value=\"vardbitraden\">V\u00e5rdbitr\u00e4den<\/div><div class=\"contact-form__custom-select-option\" data-value=\"arbetsterapeut\">Arbetsterapeut<\/div><div class=\"contact-form__custom-select-option\" data-value=\"fysioterapeut\">Fysioterapeut<\/div><div class=\"contact-form__custom-select-option\" data-value=\"annat\">Annat<\/div><\/div><\/div><\/div><div class=\"contact-form__field\"><label class=\"contact-form__label\" for=\"phone\">Telephone number<span class=\"contact-form__required\">*<\/span><\/label><input type=\"tel\" id=\"phone\" name=\"phone\" class=\"contact-form__input\" placeholder=\"+46\" required\/><\/div><div class=\"contact-form__field\"><label class=\"contact-form__label\" for=\"email\">Email address<span class=\"contact-form__required\">*<\/span><\/label><input type=\"email\" id=\"email\" name=\"email\" class=\"contact-form__input\" placeholder=\"Email address\" required\/><\/div><div class=\"contact-form__field\"><label class=\"contact-form__label\" for=\"message\">Message<\/label><textarea id=\"message\" name=\"message\" class=\"contact-form__textarea\" rows=\"4\" placeholder=\"Message\"><\/textarea><\/div><div class=\"contact-form__field\"><label class=\"contact-form__label\">Upload documents<\/label><div class=\"contact-form__upload-area\" data-upload-area=\"true\"><input type=\"file\" id=\"document\" name=\"document\" class=\"contact-form__file-input\" accept=\".pdf,.doc,.docx\" hidden\/><div class=\"contact-form__upload-content\"><span class=\"contact-form__upload-icon\">\ud83d\udcc4<\/span><span class=\"contact-form__upload-text\">Upload a file<\/span><span class=\"contact-form__upload-hint\">Drag and drop files here<\/span><\/div><\/div><div class=\"contact-form__upload-status\" data-upload-status=\"true\" style=\"display:none\"><\/div><\/div><div class=\"contact-form__field contact-form__checkbox-field\"><label class=\"contact-form__checkbox-label\"><input type=\"checkbox\" id=\"privacy\" name=\"privacy\" class=\"contact-form__checkbox\" required\/><span class=\"contact-form__checkbox-text\">I approve  <a href=\"https:\/\/lireco.se\/en\/privacy-policy\/\" class=\"contact-form__link\" target=\"_blank\" rel=\"noopener noreferrer\">privacy policy<\/a>.<\/span><\/label><\/div><div class=\"contact-form__submit\"><button type=\"submit\" class=\"contact-form__button button button--primary\"><span class=\"contact-form__button-text\">Send<\/span><span class=\"contact-form__button-loading\" style=\"display:none\">Sending&#8230;<\/span><\/button><\/div><div class=\"contact-form__messages\" data-form-messages=\"true\"><\/div><\/form><\/div><div class=\"contact-form__text-section\"><div class=\"contact-form__text-content\"><h2 class=\"contact-form__heading\">Would you like to get in touch with us?<\/h2><div class=\"contact-form__content\"><p>Fill out the form and we will get back to you shortly. Whether you are an employer or a candidate, we are here to guide you in the right direction.<\/p><p>Please indicate whether you are looking for a job or want to recruit &#8211; and we will connect you with the right contact person.<\/p><\/div><\/div><\/div><\/div><\/div><\/div><\/div>\n\n\n\n<div class=\"wp-block-lirico-spacer spacer spacer--center spacer--full\" style=\"min-height:96px\"><div class=\"spacer__container\"><div class=\"spacer__grid\"><div class=\"spacer__content\"><\/div><\/div><\/div><\/div>\n\n\n\n<div class=\"wp-block-lirico-image-text alignwide image-text image-text--text-left image-text--mobile-above\"><div class=\"image-text__container\"><div class=\"image-text__grid\"><div class=\"image-text__image\"><div class=\"image-text__image-container\"><img decoding=\"async\" src=\"https:\/\/lireco.se\/wp-content\/uploads\/2025\/10\/Desktop-images-4.png\" alt=\"\" class=\"image-text__img\"\/><\/div><\/div><div class=\"image-text__text\"><div class=\"image-text__text-content\"><h2 class=\"image-text__heading\">What does the course include?<\/h2><div class=\"image-text__body\">\n<p>Our Swedish language training is specifically designed for international healthcare professionals and includes:<\/p>\n\n\n\n<ul class=\"wp-block-list\">\n<li>Medical terminology and communication<\/li>\n\n\n\n<li>Conversations with patients and colleagues<\/li>\n\n\n\n<li>Language for documentation and medical record systems<\/li>\n\n\n\n<li>Swedish social and cultural knowledge<\/li>\n\n\n\n<li>Preparation for Swedex test at C1 level<\/li>\n<\/ul>\n\n\n\n<p>The course is divided into modules and can be completed digitally or on-site.<\/p>\n<\/div><\/div><\/div><\/div><\/div><\/div>\n\n\n\n<div class=\"wp-block-lirico-spacer spacer spacer--center spacer--full\" style=\"min-height:96px\"><div class=\"spacer__container\"><div class=\"spacer__grid\"><div class=\"spacer__content\"><\/div><\/div><\/div><\/div>\n\n\n\n<div class=\"wp-block-lirico-text-cta alignwide text-cta\"><div class=\"text-cta__container\"><div class=\"text-cta__grid\"><div class=\"text-cta__content-wrapper\"><h2 class=\"text-cta__heading\">Courses<\/h2><div class=\"text-cta__content\">As a complement to the language training, we also offer a course in Swedish regulations, in collaboration with a law firm. The course provides healthcare professionals with a basic understanding of Swedish healthcare law, confidentiality legislation and patient safety. <br\/><br\/>Prerequisites: at least B2 in Swedish.<\/div><div class=\"text-cta__buttons\"><a href=\"https:\/\/lireco.se\/en\/contact-us\/\" class=\"button button--primary\">Contact us to learn more<\/a><\/div><\/div><\/div><\/div><\/div>\n\n\n\n<div class=\"wp-block-lirico-spacer spacer spacer--center spacer--full\" style=\"min-height:96px\"><div class=\"spacer__container\"><div class=\"spacer__grid\"><div class=\"spacer__content\"><\/div><\/div><\/div><\/div>\n\n\n\n<div class=\"wp-block-lirico-image-text alignwide image-text image-text--text-right image-text--mobile-above\"><div class=\"image-text__container\"><div class=\"image-text__grid\"><div class=\"image-text__image\"><div class=\"image-text__image-container\"><img decoding=\"async\" src=\"https:\/\/lireco.se\/wp-content\/uploads\/2025\/10\/Desktop-images-2-1.png\" alt=\"\" class=\"image-text__img\"\/><\/div><\/div><div class=\"image-text__text\"><div class=\"image-text__text-content\"><h2 class=\"image-text__heading\">Secure language development for your future employees<\/h2><div class=\"image-text__body\">\n\n<p>Our language training ensures that candidates reach the right level linguistically, culturally and professionally \u2013 before employment in Sweden begins.<br><br>This gives both you and the candidate a secure start, better integration and long-term stability in the team.<\/p>\n\n<\/div><div class=\"image-text__button-wrapper\"><a href=\"https:\/\/lireco.se\/en\/courses\/\" class=\"button button--primary\">Read more<\/a><\/div><\/div><\/div><\/div><\/div><\/div>\n\n\n\n<div class=\"wp-block-lirico-spacer spacer spacer--center spacer--full\" style=\"min-height:96px\"><div class=\"spacer__container\"><div class=\"spacer__grid\"><div class=\"spacer__content\"><\/div><\/div><\/div><\/div>\n","protected":false},"excerpt":{"rendered":"","protected":false},"author":1,"featured_media":0,"parent":0,"menu_order":0,"comment_status":"closed","ping_status":"closed","template":"","meta":{"footnotes":""},"class_list":["post-363","page","type-page","status-publish","hentry"],"yoast_head":"<!-- This site is optimized with the Yoast SEO plugin v27.2 - https:\/\/yoast.com\/product\/yoast-seo-wordpress\/ -->\n<title>Language Training - LiReco<\/title>\n<meta name=\"robots\" content=\"index, follow, max-snippet:-1, max-image-preview:large, max-video-preview:-1\" \/>\n<link rel=\"canonical\" href=\"https:\/\/lireco.se\/en\/language-training\/\" \/>\n<meta property=\"og:locale\" content=\"en_US\" \/>\n<meta property=\"og:type\" content=\"article\" \/>\n<meta property=\"og:title\" content=\"Language Training - LiReco\" \/>\n<meta property=\"og:url\" content=\"https:\/\/lireco.se\/en\/language-training\/\" \/>\n<meta property=\"og:site_name\" content=\"LiReco\" \/>\n<meta property=\"article:publisher\" content=\"https:\/\/www.facebook.com\/lireco.se\" \/>\n<meta property=\"article:modified_time\" content=\"2025-11-10T10:43:38+00:00\" \/>\n<meta property=\"og:image\" content=\"https:\/\/lireco.se\/wp-content\/uploads\/2025\/09\/Rectangle-4679.png\" \/>\n<meta name=\"twitter:card\" content=\"summary_large_image\" \/>\n<meta name=\"twitter:label1\" content=\"Est. reading time\" \/>\n\t<meta name=\"twitter:data1\" content=\"3 minutes\" \/>\n<script type=\"application\/ld+json\" class=\"yoast-schema-graph\">{\"@context\":\"https:\/\/schema.org\",\"@graph\":[{\"@type\":\"WebPage\",\"@id\":\"https:\/\/lireco.se\/en\/language-training\/\",\"url\":\"https:\/\/lireco.se\/en\/language-training\/\",\"name\":\"Language Training - LiReco\",\"isPartOf\":{\"@id\":\"https:\/\/lireco.se\/en\/#website\"},\"primaryImageOfPage\":{\"@id\":\"https:\/\/lireco.se\/en\/language-training\/#primaryimage\"},\"image\":{\"@id\":\"https:\/\/lireco.se\/en\/language-training\/#primaryimage\"},\"thumbnailUrl\":\"https:\/\/lireco.se\/wp-content\/uploads\/2025\/09\/Rectangle-4679.png\",\"datePublished\":\"2025-10-01T08:12:41+00:00\",\"dateModified\":\"2025-11-10T10:43:38+00:00\",\"breadcrumb\":{\"@id\":\"https:\/\/lireco.se\/en\/language-training\/#breadcrumb\"},\"inLanguage\":\"en-US\",\"potentialAction\":[{\"@type\":\"ReadAction\",\"target\":[\"https:\/\/lireco.se\/en\/language-training\/\"]}]},{\"@type\":\"ImageObject\",\"inLanguage\":\"en-US\",\"@id\":\"https:\/\/lireco.se\/en\/language-training\/#primaryimage\",\"url\":\"https:\/\/lireco.se\/wp-content\/uploads\/2025\/09\/Rectangle-4679.png\",\"contentUrl\":\"https:\/\/lireco.se\/wp-content\/uploads\/2025\/09\/Rectangle-4679.png\"},{\"@type\":\"BreadcrumbList\",\"@id\":\"https:\/\/lireco.se\/en\/language-training\/#breadcrumb\",\"itemListElement\":[{\"@type\":\"ListItem\",\"position\":1,\"name\":\"Home\",\"item\":\"https:\/\/lireco.se\/en\/\"},{\"@type\":\"ListItem\",\"position\":2,\"name\":\"Language Training\"}]},{\"@type\":\"WebSite\",\"@id\":\"https:\/\/lireco.se\/en\/#website\",\"url\":\"https:\/\/lireco.se\/en\/\",\"name\":\"LiReco\",\"description\":\"Li-Reco \u2013 Rekrytering och spr\u00e5kutbildning f\u00f6r svensk h\u00e4lso och sjukv\u00e5rd\",\"publisher\":{\"@id\":\"https:\/\/lireco.se\/en\/#organization\"},\"potentialAction\":[{\"@type\":\"SearchAction\",\"target\":{\"@type\":\"EntryPoint\",\"urlTemplate\":\"https:\/\/lireco.se\/en\/?s={search_term_string}\"},\"query-input\":{\"@type\":\"PropertyValueSpecification\",\"valueRequired\":true,\"valueName\":\"search_term_string\"}}],\"inLanguage\":\"en-US\"},{\"@type\":\"Organization\",\"@id\":\"https:\/\/lireco.se\/en\/#organization\",\"name\":\"LiReco\",\"url\":\"https:\/\/lireco.se\/en\/\",\"logo\":{\"@type\":\"ImageObject\",\"inLanguage\":\"en-US\",\"@id\":\"https:\/\/lireco.se\/en\/#\/schema\/logo\/image\/\",\"url\":\"https:\/\/lireco.se\/wp-content\/uploads\/2025\/11\/cropped-logo-lireco-1.png\",\"contentUrl\":\"https:\/\/lireco.se\/wp-content\/uploads\/2025\/11\/cropped-logo-lireco-1.png\",\"width\":384,\"height\":173,\"caption\":\"LiReco\"},\"image\":{\"@id\":\"https:\/\/lireco.se\/en\/#\/schema\/logo\/image\/\"},\"sameAs\":[\"https:\/\/www.facebook.com\/lireco.se\"]}]}<\/script>\n<!-- \/ Yoast SEO plugin. -->","yoast_head_json":{"title":"Language Training - LiReco","robots":{"index":"index","follow":"follow","max-snippet":"max-snippet:-1","max-image-preview":"max-image-preview:large","max-video-preview":"max-video-preview:-1"},"canonical":"https:\/\/lireco.se\/en\/language-training\/","og_locale":"en_US","og_type":"article","og_title":"Language Training - LiReco","og_url":"https:\/\/lireco.se\/en\/language-training\/","og_site_name":"LiReco","article_publisher":"https:\/\/www.facebook.com\/lireco.se","article_modified_time":"2025-11-10T10:43:38+00:00","og_image":[{"url":"https:\/\/lireco.se\/wp-content\/uploads\/2025\/09\/Rectangle-4679.png","type":"","width":"","height":""}],"twitter_card":"summary_large_image","twitter_misc":{"Est. reading time":"3 minutes"},"schema":{"@context":"https:\/\/schema.org","@graph":[{"@type":"WebPage","@id":"https:\/\/lireco.se\/en\/language-training\/","url":"https:\/\/lireco.se\/en\/language-training\/","name":"Language Training - LiReco","isPartOf":{"@id":"https:\/\/lireco.se\/en\/#website"},"primaryImageOfPage":{"@id":"https:\/\/lireco.se\/en\/language-training\/#primaryimage"},"image":{"@id":"https:\/\/lireco.se\/en\/language-training\/#primaryimage"},"thumbnailUrl":"https:\/\/lireco.se\/wp-content\/uploads\/2025\/09\/Rectangle-4679.png","datePublished":"2025-10-01T08:12:41+00:00","dateModified":"2025-11-10T10:43:38+00:00","breadcrumb":{"@id":"https:\/\/lireco.se\/en\/language-training\/#breadcrumb"},"inLanguage":"en-US","potentialAction":[{"@type":"ReadAction","target":["https:\/\/lireco.se\/en\/language-training\/"]}]},{"@type":"ImageObject","inLanguage":"en-US","@id":"https:\/\/lireco.se\/en\/language-training\/#primaryimage","url":"https:\/\/lireco.se\/wp-content\/uploads\/2025\/09\/Rectangle-4679.png","contentUrl":"https:\/\/lireco.se\/wp-content\/uploads\/2025\/09\/Rectangle-4679.png"},{"@type":"BreadcrumbList","@id":"https:\/\/lireco.se\/en\/language-training\/#breadcrumb","itemListElement":[{"@type":"ListItem","position":1,"name":"Home","item":"https:\/\/lireco.se\/en\/"},{"@type":"ListItem","position":2,"name":"Language Training"}]},{"@type":"WebSite","@id":"https:\/\/lireco.se\/en\/#website","url":"https:\/\/lireco.se\/en\/","name":"LiReco","description":"Li-Reco \u2013 Rekrytering och spr\u00e5kutbildning f\u00f6r svensk h\u00e4lso och sjukv\u00e5rd","publisher":{"@id":"https:\/\/lireco.se\/en\/#organization"},"potentialAction":[{"@type":"SearchAction","target":{"@type":"EntryPoint","urlTemplate":"https:\/\/lireco.se\/en\/?s={search_term_string}"},"query-input":{"@type":"PropertyValueSpecification","valueRequired":true,"valueName":"search_term_string"}}],"inLanguage":"en-US"},{"@type":"Organization","@id":"https:\/\/lireco.se\/en\/#organization","name":"LiReco","url":"https:\/\/lireco.se\/en\/","logo":{"@type":"ImageObject","inLanguage":"en-US","@id":"https:\/\/lireco.se\/en\/#\/schema\/logo\/image\/","url":"https:\/\/lireco.se\/wp-content\/uploads\/2025\/11\/cropped-logo-lireco-1.png","contentUrl":"https:\/\/lireco.se\/wp-content\/uploads\/2025\/11\/cropped-logo-lireco-1.png","width":384,"height":173,"caption":"LiReco"},"image":{"@id":"https:\/\/lireco.se\/en\/#\/schema\/logo\/image\/"},"sameAs":["https:\/\/www.facebook.com\/lireco.se"]}]}},"_links":{"self":[{"href":"https:\/\/lireco.se\/en\/wp-json\/wp\/v2\/pages\/363","targetHints":{"allow":["GET"]}}],"collection":[{"href":"https:\/\/lireco.se\/en\/wp-json\/wp\/v2\/pages"}],"about":[{"href":"https:\/\/lireco.se\/en\/wp-json\/wp\/v2\/types\/page"}],"author":[{"embeddable":true,"href":"https:\/\/lireco.se\/en\/wp-json\/wp\/v2\/users\/1"}],"replies":[{"embeddable":true,"href":"https:\/\/lireco.se\/en\/wp-json\/wp\/v2\/comments?post=363"}],"version-history":[{"count":10,"href":"https:\/\/lireco.se\/en\/wp-json\/wp\/v2\/pages\/363\/revisions"}],"predecessor-version":[{"id":969,"href":"https:\/\/lireco.se\/en\/wp-json\/wp\/v2\/pages\/363\/revisions\/969"}],"wp:attachment":[{"href":"https:\/\/lireco.se\/en\/wp-json\/wp\/v2\/media?parent=363"}],"curies":[{"name":"wp","href":"https:\/\/api.w.org\/{rel}","templated":true}]}}