{"id":368,"date":"2025-10-01T08:24:00","date_gmt":"2025-10-01T08:24:00","guid":{"rendered":"https:\/\/lireco.se\/sweden\/"},"modified":"2025-11-11T10:47:38","modified_gmt":"2025-11-11T10:47:38","slug":"sweden","status":"publish","type":"page","link":"https:\/\/lireco.se\/en\/sweden\/","title":{"rendered":"Sweden"},"content":{"rendered":"\n<div class=\"wp-block-lirico-sub-hero sub-hero sub-hero--text-left\"><div class=\"sub-hero__container\"><div class=\"sub-hero__grid\"><div class=\"sub-hero__text\"><div class=\"sub-hero__text-content\"><h1 class=\"sub-hero__heading\">Working in Sweden as a doctor or nurse<\/h1><div class=\"sub-hero__content\">Moving to a new country is a big step \u2013 but with the right support, it can be a journey full of opportunities. Sweden offers secure employment, a high quality of life and a stable healthcare system where your skills make a difference. <\/div><\/div><\/div><div class=\"sub-hero__image\"><div class=\"sub-hero__image-container\"><img decoding=\"async\" src=\"https:\/\/lireco.se\/wp-content\/uploads\/2025\/10\/Rectangle-4679-2.png\" alt=\"\" class=\"sub-hero__img\"\/><\/div><\/div><\/div><\/div><\/div>\n\n\n\n<div class=\"wp-block-lirico-spacer spacer spacer--center spacer--full\" style=\"min-height:96px\"><div class=\"spacer__container\"><div class=\"spacer__grid\"><div class=\"spacer__content\"><\/div><\/div><\/div><\/div>\n\n\n\n<div class=\"wp-block-lirico-image-text alignwide image-text image-text--text-right image-text--mobile-above\"><div class=\"image-text__container\"><div class=\"image-text__grid\"><div class=\"image-text__image\"><div class=\"image-text__image-container\"><img decoding=\"async\" src=\"https:\/\/lireco.se\/wp-content\/uploads\/2025\/10\/Desktop-images-3.png\" alt=\"\" class=\"image-text__img\"\/><\/div><\/div><div class=\"image-text__text\"><div class=\"image-text__text-content\"><h2 class=\"image-text__heading\">Why work in Sweden?<\/h2><div class=\"image-text__body\">\n<ul class=\"wp-block-list\">\n<li>Secure employment with a fixed monthly salary<\/li>\n\n\n\n<li>Collective agreements that provide real protection and clear conditions<\/li>\n\n\n\n<li>High trust in healthcare professionals and teamwork<\/li>\n\n\n\n<li>Well-organized healthcare system<\/li>\n\n\n\n<li>Opportunities for career development and further education<\/li>\n\n\n\n<li>Good work\u2013life balance<\/li>\n<\/ul>\n<\/div><div class=\"image-text__button-wrapper\"><a href=\"https:\/\/lireco.se\/en\/contact-us\/\" class=\"button button--primary\">Working in Sweden \u2013 for healthcare professionals<\/a><\/div><\/div><\/div><\/div><\/div><\/div>\n\n\n\n<div class=\"wp-block-lirico-spacer spacer spacer--center spacer--full\" style=\"min-height:96px\"><div class=\"spacer__container\"><div class=\"spacer__grid\"><div class=\"spacer__content\"><\/div><\/div><\/div><\/div>\n\n\n\n<div class=\"wp-block-lirico-image-text alignwide image-text image-text--text-left image-text--mobile-above\"><div class=\"image-text__container\"><div class=\"image-text__grid\"><div class=\"image-text__image\"><div class=\"image-text__image-container\"><img decoding=\"async\" src=\"https:\/\/lireco.se\/wp-content\/uploads\/2025\/10\/Desktop-images_v3.png\" alt=\"\" class=\"image-text__img\"\/><\/div><\/div><div class=\"image-text__text\"><div class=\"image-text__text-content\"><h2 class=\"image-text__heading\">Language requirements medical Swedish<\/h2><div class=\"image-text__body\">\n<p>To work in Swedish healthcare, you need to know Swedish at C1 level<\/p>\n\n\n\n<p>Through Lireco you get access to an intensive language course with a focus on medical terminology, patient communication and cultural understanding. The course is adapted for healthcare professionals and concludes with a certification exam.<\/p>\n<\/div><div class=\"image-text__button-wrapper\"><a href=\"https:\/\/lireco.se\/en\/language-training\/\" class=\"button button--primary\">Read more about our language training<\/a><\/div><\/div><\/div><\/div><\/div><\/div>\n\n\n\n<div class=\"wp-block-lirico-spacer spacer spacer--center spacer--full\" style=\"min-height:96px\"><div class=\"spacer__container\"><div class=\"spacer__grid\"><div class=\"spacer__content\"><\/div><\/div><\/div><\/div>\n\n\n\n<div class=\"wp-block-lirico-image-text alignwide image-text image-text--text-right image-text--mobile-above\"><div class=\"image-text__container\"><div class=\"image-text__grid\"><div class=\"image-text__image\"><div class=\"image-text__image-container\"><img decoding=\"async\" src=\"https:\/\/lireco.se\/wp-content\/uploads\/2025\/10\/Group-38909-1.png\" alt=\"\" class=\"image-text__img\"\/><\/div><\/div><div class=\"image-text__text\"><div class=\"image-text__text-content\"><h2 class=\"image-text__heading\">Credentials &#038; eligibility<\/h2><div class=\"image-text__body\">\n<p>To work in Sweden you need to have:<\/p>\n\n\n\n<ul class=\"wp-block-list\">\n<li>Approved education within an EU country, or at least three years of professional experience within the EU<\/li>\n\n\n\n<li>C1 level in Swedish (Swedex or equivalent)<\/li>\n\n\n\n<li>Application to the National Board of Health and Welfare for Swedish identification<\/li>\n<\/ul>\n\n\n\n<p>Li-reco supports you throughout the entire process \u2013 from application and translations to contact with authorities.<\/p>\n<\/div><div class=\"image-text__button-wrapper\"><a href=\"https:\/\/lireco.se\/en\/language-training\/\" class=\"button button--primary\">Recruit healthcare professionals to Sweden<\/a><\/div><\/div><\/div><\/div><\/div><\/div>\n\n\n\n<div class=\"wp-block-lirico-spacer spacer spacer--center spacer--full\" style=\"min-height:96px\"><div class=\"spacer__container\"><div class=\"spacer__grid\"><div class=\"spacer__content\"><\/div><\/div><\/div><\/div>\n\n\n\n<div class=\"wp-block-lirico-image-text image-text image-text--text-left image-text--mobile-above\"><div class=\"image-text__container\"><div class=\"image-text__grid\"><div class=\"image-text__image\"><div class=\"image-text__image-container\"><img decoding=\"async\" src=\"https:\/\/lireco.se\/wp-content\/uploads\/2025\/10\/Desktop-images_v1.png\" alt=\"\" class=\"image-text__img\"\/><\/div><\/div><div class=\"image-text__text\"><div class=\"image-text__text-content\"><h2 class=\"image-text__heading\">Life in Sweden<\/h2><div class=\"image-text__body\">\n<p>Living in Sweden means more than a new job &#8211; here you get:<\/p>\n\n\n\n<ul class=\"wp-block-list\">\n<li>Safety, proximity to nature and good community services<\/li>\n\n\n\n<li>High-quality school and preschool<\/li>\n\n\n\n<li>Opportunity to support the partner&#8217;s establishment and work<\/li>\n\n\n\n<li>A well-organized healthcare system where you can grow in your role<\/li>\n<\/ul>\n\n\n\n<p>We help you with everything practical \u2013 from housing and authorities to social security numbers, bank accounts, ID cards and Swish \u2013 so you can live smoothly in a digitalized society.<\/p>\n<\/div><div class=\"image-text__button-wrapper\"><a href=\"https:\/\/lireco.se\/en\/courses\/\" class=\"button button--primary\">Read more about our language training<\/a><\/div><\/div><\/div><\/div><\/div><\/div>\n\n\n\n<div class=\"wp-block-lirico-spacer spacer spacer--center spacer--full\" style=\"min-height:96px\"><div class=\"spacer__container\"><div class=\"spacer__grid\"><div class=\"spacer__content\"><\/div><\/div><\/div><\/div>\n\n\n\n<div class=\"wp-block-lirico-process-step alignwide process-step\"><div class=\"process-step__container\"><div class=\"process-step__wrapper\"><div class=\"process-step__header\"><h2 class=\"process-step__title\">How we help you<\/h2><p class=\"process-step__description\">With Lireco you get more than just a new job. We are at your side with language lessons, practical support and contact with Swedish employers.<\/p><div class=\"process-step__buttons\"><div class=\"process-step__button-wrapper\"><a href=\"https:\/\/lireco.se\/en\/assignments-in-sweden\/\" class=\"button button--primary\">Working in Sweden for healthcare professionals<\/a><a href=\"https:\/\/lireco.se\/en\/assistance-with-recruitment\/\" class=\"button button--primary\">Recruit healthcare professionals to Sweden<\/a><\/div><\/div><\/div><div class=\"process-step__grid\"><div class=\"process-step__item\"><div class=\"process-step__icon\"><img decoding=\"async\" src=\"https:\/\/lireco.se\/wp-content\/uploads\/2025\/09\/multiple-file-2-double-common-file.png\" alt=\"\" class=\"process-step__icon-image\"\/><\/div><h3 class=\"process-step__step-title\">Personal advice and CV support<\/h3><p class=\"process-step__step-description\"><\/p><\/div><div class=\"process-step__item\"><div class=\"process-step__icon\"><img decoding=\"async\" src=\"https:\/\/lireco.se\/wp-content\/uploads\/2025\/09\/dictionary-language-book.png\" alt=\"\" class=\"process-step__icon-image\"\/><\/div><h3 class=\"process-step__step-title\">Language training to C1 level<\/h3><p class=\"process-step__step-description\"><\/p><\/div><div class=\"process-step__item\"><div class=\"process-step__icon\"><img decoding=\"async\" src=\"https:\/\/lireco.se\/wp-content\/uploads\/2025\/09\/waving-hand.png\" alt=\"\" class=\"process-step__icon-image\"\/><\/div><h3 class=\"process-step__step-title\">Contact with Swedish employers and regions<\/h3><p class=\"process-step__step-description\"><\/p><\/div><div class=\"process-step__item\"><div class=\"process-step__icon\"><img decoding=\"async\" src=\"https:\/\/lireco.se\/wp-content\/uploads\/2025\/10\/home-3-home-house-roof-shelter.png\" alt=\"\" class=\"process-step__icon-image\"\/><\/div><h3 class=\"process-step__step-title\">Visit to Sweden before decision<\/h3><p class=\"process-step__step-description\"><\/p><\/div><div class=\"process-step__item\"><div class=\"process-step__icon\"><img decoding=\"async\" src=\"https:\/\/lireco.se\/wp-content\/uploads\/2025\/09\/chat-bubble-square-question-bubble-square-messages-notification-chat-message-question-help.png\" alt=\"\" class=\"process-step__icon-image\"\/><\/div><h3 class=\"process-step__step-title\">Support with relocation, accommodation and authorities<\/h3><p class=\"process-step__step-description\"><\/p><\/div><div class=\"process-step__item\"><div class=\"process-step__icon\"><img decoding=\"async\" src=\"https:\/\/lireco.se\/wp-content\/uploads\/2025\/09\/chat-bubble-square-question-bubble-square-messages-notification-chat-message-question-help.png\" alt=\"\" class=\"process-step__icon-image\"\/><\/div><h3 class=\"process-step__step-title\">Follow-up and support even after you start working<\/h3><p class=\"process-step__step-description\"><\/p><\/div><\/div><\/div><\/div><\/div>\n\n\n\n<div class=\"wp-block-lirico-spacer spacer spacer--center spacer--full\" style=\"min-height:96px\"><div class=\"spacer__container\"><div class=\"spacer__grid\"><div class=\"spacer__content\"><\/div><\/div><\/div><\/div>\n","protected":false},"excerpt":{"rendered":"","protected":false},"author":1,"featured_media":0,"parent":0,"menu_order":0,"comment_status":"closed","ping_status":"closed","template":"","meta":{"footnotes":""},"class_list":["post-368","page","type-page","status-publish","hentry"],"yoast_head":"<!-- This site is optimized with the Yoast SEO plugin v27.2 - https:\/\/yoast.com\/product\/yoast-seo-wordpress\/ -->\n<title>Sweden - LiReco<\/title>\n<meta name=\"robots\" content=\"index, follow, max-snippet:-1, max-image-preview:large, max-video-preview:-1\" \/>\n<link rel=\"canonical\" href=\"https:\/\/lireco.se\/en\/sweden\/\" \/>\n<meta property=\"og:locale\" content=\"en_US\" \/>\n<meta property=\"og:type\" content=\"article\" \/>\n<meta property=\"og:title\" content=\"Sweden - LiReco\" \/>\n<meta property=\"og:url\" content=\"https:\/\/lireco.se\/en\/sweden\/\" \/>\n<meta property=\"og:site_name\" content=\"LiReco\" \/>\n<meta property=\"article:publisher\" content=\"https:\/\/www.facebook.com\/lireco.se\" \/>\n<meta property=\"article:modified_time\" content=\"2025-11-11T10:47:38+00:00\" \/>\n<meta property=\"og:image\" content=\"https:\/\/lireco.se\/wp-content\/uploads\/2025\/10\/Rectangle-4679-2.png\" \/>\n<meta name=\"twitter:card\" content=\"summary_large_image\" \/>\n<meta name=\"twitter:label1\" content=\"Est. reading time\" \/>\n\t<meta name=\"twitter:data1\" content=\"4 minutes\" \/>\n<script type=\"application\/ld+json\" class=\"yoast-schema-graph\">{\"@context\":\"https:\/\/schema.org\",\"@graph\":[{\"@type\":\"WebPage\",\"@id\":\"https:\/\/lireco.se\/en\/sweden\/\",\"url\":\"https:\/\/lireco.se\/en\/sweden\/\",\"name\":\"Sweden - LiReco\",\"isPartOf\":{\"@id\":\"https:\/\/lireco.se\/en\/#website\"},\"primaryImageOfPage\":{\"@id\":\"https:\/\/lireco.se\/en\/sweden\/#primaryimage\"},\"image\":{\"@id\":\"https:\/\/lireco.se\/en\/sweden\/#primaryimage\"},\"thumbnailUrl\":\"https:\/\/lireco.se\/wp-content\/uploads\/2025\/10\/Rectangle-4679-2.png\",\"datePublished\":\"2025-10-01T08:24:00+00:00\",\"dateModified\":\"2025-11-11T10:47:38+00:00\",\"breadcrumb\":{\"@id\":\"https:\/\/lireco.se\/en\/sweden\/#breadcrumb\"},\"inLanguage\":\"en-US\",\"potentialAction\":[{\"@type\":\"ReadAction\",\"target\":[\"https:\/\/lireco.se\/en\/sweden\/\"]}]},{\"@type\":\"ImageObject\",\"inLanguage\":\"en-US\",\"@id\":\"https:\/\/lireco.se\/en\/sweden\/#primaryimage\",\"url\":\"https:\/\/lireco.se\/wp-content\/uploads\/2025\/10\/Rectangle-4679-2.png\",\"contentUrl\":\"https:\/\/lireco.se\/wp-content\/uploads\/2025\/10\/Rectangle-4679-2.png\"},{\"@type\":\"BreadcrumbList\",\"@id\":\"https:\/\/lireco.se\/en\/sweden\/#breadcrumb\",\"itemListElement\":[{\"@type\":\"ListItem\",\"position\":1,\"name\":\"Home\",\"item\":\"https:\/\/lireco.se\/en\/\"},{\"@type\":\"ListItem\",\"position\":2,\"name\":\"Sweden\"}]},{\"@type\":\"WebSite\",\"@id\":\"https:\/\/lireco.se\/en\/#website\",\"url\":\"https:\/\/lireco.se\/en\/\",\"name\":\"LiReco\",\"description\":\"Li-Reco \u2013 Rekrytering och spr\u00e5kutbildning f\u00f6r svensk h\u00e4lso och sjukv\u00e5rd\",\"publisher\":{\"@id\":\"https:\/\/lireco.se\/en\/#organization\"},\"potentialAction\":[{\"@type\":\"SearchAction\",\"target\":{\"@type\":\"EntryPoint\",\"urlTemplate\":\"https:\/\/lireco.se\/en\/?s={search_term_string}\"},\"query-input\":{\"@type\":\"PropertyValueSpecification\",\"valueRequired\":true,\"valueName\":\"search_term_string\"}}],\"inLanguage\":\"en-US\"},{\"@type\":\"Organization\",\"@id\":\"https:\/\/lireco.se\/en\/#organization\",\"name\":\"LiReco\",\"url\":\"https:\/\/lireco.se\/en\/\",\"logo\":{\"@type\":\"ImageObject\",\"inLanguage\":\"en-US\",\"@id\":\"https:\/\/lireco.se\/en\/#\/schema\/logo\/image\/\",\"url\":\"https:\/\/lireco.se\/wp-content\/uploads\/2025\/11\/cropped-logo-lireco-1.png\",\"contentUrl\":\"https:\/\/lireco.se\/wp-content\/uploads\/2025\/11\/cropped-logo-lireco-1.png\",\"width\":384,\"height\":173,\"caption\":\"LiReco\"},\"image\":{\"@id\":\"https:\/\/lireco.se\/en\/#\/schema\/logo\/image\/\"},\"sameAs\":[\"https:\/\/www.facebook.com\/lireco.se\"]}]}<\/script>\n<!-- \/ Yoast SEO plugin. -->","yoast_head_json":{"title":"Sweden - LiReco","robots":{"index":"index","follow":"follow","max-snippet":"max-snippet:-1","max-image-preview":"max-image-preview:large","max-video-preview":"max-video-preview:-1"},"canonical":"https:\/\/lireco.se\/en\/sweden\/","og_locale":"en_US","og_type":"article","og_title":"Sweden - LiReco","og_url":"https:\/\/lireco.se\/en\/sweden\/","og_site_name":"LiReco","article_publisher":"https:\/\/www.facebook.com\/lireco.se","article_modified_time":"2025-11-11T10:47:38+00:00","og_image":[{"url":"https:\/\/lireco.se\/wp-content\/uploads\/2025\/10\/Rectangle-4679-2.png","type":"","width":"","height":""}],"twitter_card":"summary_large_image","twitter_misc":{"Est. reading time":"4 minutes"},"schema":{"@context":"https:\/\/schema.org","@graph":[{"@type":"WebPage","@id":"https:\/\/lireco.se\/en\/sweden\/","url":"https:\/\/lireco.se\/en\/sweden\/","name":"Sweden - LiReco","isPartOf":{"@id":"https:\/\/lireco.se\/en\/#website"},"primaryImageOfPage":{"@id":"https:\/\/lireco.se\/en\/sweden\/#primaryimage"},"image":{"@id":"https:\/\/lireco.se\/en\/sweden\/#primaryimage"},"thumbnailUrl":"https:\/\/lireco.se\/wp-content\/uploads\/2025\/10\/Rectangle-4679-2.png","datePublished":"2025-10-01T08:24:00+00:00","dateModified":"2025-11-11T10:47:38+00:00","breadcrumb":{"@id":"https:\/\/lireco.se\/en\/sweden\/#breadcrumb"},"inLanguage":"en-US","potentialAction":[{"@type":"ReadAction","target":["https:\/\/lireco.se\/en\/sweden\/"]}]},{"@type":"ImageObject","inLanguage":"en-US","@id":"https:\/\/lireco.se\/en\/sweden\/#primaryimage","url":"https:\/\/lireco.se\/wp-content\/uploads\/2025\/10\/Rectangle-4679-2.png","contentUrl":"https:\/\/lireco.se\/wp-content\/uploads\/2025\/10\/Rectangle-4679-2.png"},{"@type":"BreadcrumbList","@id":"https:\/\/lireco.se\/en\/sweden\/#breadcrumb","itemListElement":[{"@type":"ListItem","position":1,"name":"Home","item":"https:\/\/lireco.se\/en\/"},{"@type":"ListItem","position":2,"name":"Sweden"}]},{"@type":"WebSite","@id":"https:\/\/lireco.se\/en\/#website","url":"https:\/\/lireco.se\/en\/","name":"LiReco","description":"Li-Reco \u2013 Rekrytering och spr\u00e5kutbildning f\u00f6r svensk h\u00e4lso och sjukv\u00e5rd","publisher":{"@id":"https:\/\/lireco.se\/en\/#organization"},"potentialAction":[{"@type":"SearchAction","target":{"@type":"EntryPoint","urlTemplate":"https:\/\/lireco.se\/en\/?s={search_term_string}"},"query-input":{"@type":"PropertyValueSpecification","valueRequired":true,"valueName":"search_term_string"}}],"inLanguage":"en-US"},{"@type":"Organization","@id":"https:\/\/lireco.se\/en\/#organization","name":"LiReco","url":"https:\/\/lireco.se\/en\/","logo":{"@type":"ImageObject","inLanguage":"en-US","@id":"https:\/\/lireco.se\/en\/#\/schema\/logo\/image\/","url":"https:\/\/lireco.se\/wp-content\/uploads\/2025\/11\/cropped-logo-lireco-1.png","contentUrl":"https:\/\/lireco.se\/wp-content\/uploads\/2025\/11\/cropped-logo-lireco-1.png","width":384,"height":173,"caption":"LiReco"},"image":{"@id":"https:\/\/lireco.se\/en\/#\/schema\/logo\/image\/"},"sameAs":["https:\/\/www.facebook.com\/lireco.se"]}]}},"_links":{"self":[{"href":"https:\/\/lireco.se\/en\/wp-json\/wp\/v2\/pages\/368","targetHints":{"allow":["GET"]}}],"collection":[{"href":"https:\/\/lireco.se\/en\/wp-json\/wp\/v2\/pages"}],"about":[{"href":"https:\/\/lireco.se\/en\/wp-json\/wp\/v2\/types\/page"}],"author":[{"embeddable":true,"href":"https:\/\/lireco.se\/en\/wp-json\/wp\/v2\/users\/1"}],"replies":[{"embeddable":true,"href":"https:\/\/lireco.se\/en\/wp-json\/wp\/v2\/comments?post=368"}],"version-history":[{"count":18,"href":"https:\/\/lireco.se\/en\/wp-json\/wp\/v2\/pages\/368\/revisions"}],"predecessor-version":[{"id":904,"href":"https:\/\/lireco.se\/en\/wp-json\/wp\/v2\/pages\/368\/revisions\/904"}],"wp:attachment":[{"href":"https:\/\/lireco.se\/en\/wp-json\/wp\/v2\/media?parent=368"}],"curies":[{"name":"wp","href":"https:\/\/api.w.org\/{rel}","templated":true}]}}