{"id":587,"date":"2025-10-02T08:08:49","date_gmt":"2025-10-02T08:08:49","guid":{"rendered":"https:\/\/lireco.se\/privacy-policy\/"},"modified":"2025-10-10T10:29:46","modified_gmt":"2025-10-10T10:29:46","slug":"privacy-policy","status":"publish","type":"page","link":"https:\/\/lireco.se\/en\/privacy-policy\/","title":{"rendered":"Privacy Policy"},"content":{"rendered":"\n<div class=\"wp-block-lirico-policy alignwide\"><div class=\"policy\"><div class=\"policy__container\"><div class=\"policy__grid\"><div class=\"policy__content-wrapper\"><h4 class=\"policy__main-heading\">Privacy Policy<\/h4><div class=\"policy__sections\"><div class=\"policy__section\"><div class=\"policy__section-header\"><span class=\"policy__section-number\">1.<\/span><div class=\"policy__section-heading\"> Introduction<\/div><\/div><div class=\"policy__section-content\">We at Lireco AB protect your personal privacy. Here we explain how we collect, use and protect your personal data in accordance with the General Data Protection Regulation (GDPR). \n\nWe only process personal data when it is relevant, necessary and supported by law or consent.<\/div><\/div><div class=\"policy__section\"><div class=\"policy__section-header\"><span class=\"policy__section-number\">2.<\/span><div class=\"policy__section-heading\">Personal data we collect<\/div><\/div><div class=\"policy__section-content\">We may collect the following information about you:\nName\nEmail address\nPhone number\nLanguages you speak\nProfession\/specialty\nMessages you send to us\nDocuments you upload (e.g., CV or diplomas)\nIP address and technical information about your visit (via cookies)<\/div><\/div><div class=\"policy__section\"><div class=\"policy__section-header\"><span class=\"policy__section-number\">3.<\/span><div class=\"policy__section-heading\">How we use your information<\/div><\/div><div class=\"policy__section-content\">Your personal data is used to:\nContact you regarding our services\nMatch you with relevant employers\nHandle language and course applications\nProvide you with relevant information\nImprove the user experience on our website\nWe never sell your information to third parties.<\/div><\/div><div class=\"policy__section\"><div class=\"policy__section-header\"><span class=\"policy__section-number\">4.<\/span><div class=\"policy__section-heading\">Cookies och sp\u00e5rningstekniker<\/div><\/div><div class=\"policy__section-content\">We use cookies and similar technologies to understand how our website is used and to improve our communication.\n\nWe use the following tools:\nGoogle Analytics\nTo analyze traffic, behaviors and improve the experience on lireco.se\nMeta Pixel (Facebook)\nTo show relevant advertisements to you on Meta platforms\nHotjar\nTo understand how visitors navigate the site and identify areas for improvement\nCookieYes\nTo manage cookie consent in accordance with GDPR\n\nYou can adjust your settings at any time via our [cookie manager].\n<\/div><\/div><div class=\"policy__section\"><div class=\"policy__section-header\"><span class=\"policy__section-number\">5.<\/span><div class=\"policy__section-heading\">Laglig grund f\u00f6r behandling<\/div><\/div><div class=\"policy__section-content\">We process your personal data on the following grounds:\nConsent, when you actively approve our use (e.g., via forms or cookie banner)\nContract, when we facilitate job placement or courses\nLegal obligation, when we need to retain data to comply with laws\nLegitimate interest, when we improve services or communicate relevant content <\/div><\/div><div class=\"policy__section\"><div class=\"policy__section-header\"><span class=\"policy__section-number\">6.<\/span><div class=\"policy__section-heading\">Hur l\u00e4nge sparar vi dina uppgifter?<\/div><\/div><div class=\"policy__section-content\">We only retain your information for as long as necessary for the purpose it was collected.\nExpressions of interest are stored for a maximum of 24 months\nSensitive documents (such as CVs and diplomas) are deleted when the process is completed\nYou can request deletion or correction at any time<\/div><\/div><div class=\"policy__section\"><div class=\"policy__section-header\"><span class=\"policy__section-number\">7.<\/span><div class=\"policy__section-heading\">Dina r\u00e4ttigheter enligt GDPR<\/div><\/div><div class=\"policy__section-content\">You have the right to:\nRequest an extract of what personal data we have about you\nHave incorrect information corrected\nBe forgotten (have your data deleted)\nRestrict or object to certain processing\nTransfer your data (data portability)\nFile complaints with the Swedish Authority for Privacy Protection (IMY)<\/div><\/div><div class=\"policy__section\"><div class=\"policy__section-header\"><span class=\"policy__section-number\">8.<\/span><div class=\"policy__section-heading\">Kontaktinformation<\/div><\/div><div class=\"policy__section-content\">Do you have questions about our processing of personal data or would you like to exercise your rights?\n\nContact us:\nrecruit@lireco.se\n+46 (0)70-526 46 19\nLireco AB, Konsultv\u00e4gen 1, 268 76 K\u00e5ger\u00f6d, Sweden<\/div><\/div><div class=\"policy__section\"><div class=\"policy__section-header\"><span class=\"policy__section-number\">9.<\/span><div class=\"policy__section-heading\">About this policy<\/div><\/div><div class=\"policy__section-content\">We may update this privacy policy. The latest version is always available at www.lireco.se\/integritetspolicy. <\/div><\/div><\/div><\/div><\/div><\/div><\/div><\/div>\n\n<p><\/p>\n\n<p><\/p>\n","protected":false},"excerpt":{"rendered":"","protected":false},"author":1,"featured_media":0,"parent":0,"menu_order":0,"comment_status":"closed","ping_status":"closed","template":"","meta":{"footnotes":""},"class_list":["post-587","page","type-page","status-publish","hentry"],"yoast_head":"<!-- This site is optimized with the Yoast SEO plugin v27.2 - https:\/\/yoast.com\/product\/yoast-seo-wordpress\/ -->\n<title>Privacy Policy - LiReco<\/title>\n<meta name=\"robots\" content=\"index, follow, max-snippet:-1, max-image-preview:large, max-video-preview:-1\" \/>\n<link rel=\"canonical\" href=\"https:\/\/lireco.se\/en\/privacy-policy\/\" \/>\n<meta property=\"og:locale\" content=\"en_US\" \/>\n<meta property=\"og:type\" content=\"article\" \/>\n<meta property=\"og:title\" content=\"Privacy Policy - LiReco\" \/>\n<meta property=\"og:url\" content=\"https:\/\/lireco.se\/en\/privacy-policy\/\" \/>\n<meta property=\"og:site_name\" content=\"LiReco\" \/>\n<meta property=\"article:publisher\" content=\"https:\/\/www.facebook.com\/lireco.se\" \/>\n<meta property=\"article:modified_time\" content=\"2025-10-10T10:29:46+00:00\" \/>\n<meta name=\"twitter:card\" content=\"summary_large_image\" \/>\n<meta name=\"twitter:label1\" content=\"Est. reading time\" \/>\n\t<meta name=\"twitter:data1\" content=\"2 minutes\" \/>\n<script type=\"application\/ld+json\" class=\"yoast-schema-graph\">{\"@context\":\"https:\/\/schema.org\",\"@graph\":[{\"@type\":\"WebPage\",\"@id\":\"https:\/\/lireco.se\/en\/privacy-policy\/\",\"url\":\"https:\/\/lireco.se\/en\/privacy-policy\/\",\"name\":\"Privacy Policy - LiReco\",\"isPartOf\":{\"@id\":\"https:\/\/lireco.se\/en\/#website\"},\"datePublished\":\"2025-10-02T08:08:49+00:00\",\"dateModified\":\"2025-10-10T10:29:46+00:00\",\"breadcrumb\":{\"@id\":\"https:\/\/lireco.se\/en\/privacy-policy\/#breadcrumb\"},\"inLanguage\":\"en-US\",\"potentialAction\":[{\"@type\":\"ReadAction\",\"target\":[\"https:\/\/lireco.se\/en\/privacy-policy\/\"]}]},{\"@type\":\"BreadcrumbList\",\"@id\":\"https:\/\/lireco.se\/en\/privacy-policy\/#breadcrumb\",\"itemListElement\":[{\"@type\":\"ListItem\",\"position\":1,\"name\":\"Home\",\"item\":\"https:\/\/lireco.se\/en\/\"},{\"@type\":\"ListItem\",\"position\":2,\"name\":\"Privacy Policy\"}]},{\"@type\":\"WebSite\",\"@id\":\"https:\/\/lireco.se\/en\/#website\",\"url\":\"https:\/\/lireco.se\/en\/\",\"name\":\"LiReco\",\"description\":\"Li-Reco \u2013 Rekrytering och spr\u00e5kutbildning f\u00f6r svensk h\u00e4lso och sjukv\u00e5rd\",\"publisher\":{\"@id\":\"https:\/\/lireco.se\/en\/#organization\"},\"potentialAction\":[{\"@type\":\"SearchAction\",\"target\":{\"@type\":\"EntryPoint\",\"urlTemplate\":\"https:\/\/lireco.se\/en\/?s={search_term_string}\"},\"query-input\":{\"@type\":\"PropertyValueSpecification\",\"valueRequired\":true,\"valueName\":\"search_term_string\"}}],\"inLanguage\":\"en-US\"},{\"@type\":\"Organization\",\"@id\":\"https:\/\/lireco.se\/en\/#organization\",\"name\":\"LiReco\",\"url\":\"https:\/\/lireco.se\/en\/\",\"logo\":{\"@type\":\"ImageObject\",\"inLanguage\":\"en-US\",\"@id\":\"https:\/\/lireco.se\/en\/#\/schema\/logo\/image\/\",\"url\":\"https:\/\/lireco.se\/wp-content\/uploads\/2025\/11\/cropped-logo-lireco-1.png\",\"contentUrl\":\"https:\/\/lireco.se\/wp-content\/uploads\/2025\/11\/cropped-logo-lireco-1.png\",\"width\":384,\"height\":173,\"caption\":\"LiReco\"},\"image\":{\"@id\":\"https:\/\/lireco.se\/en\/#\/schema\/logo\/image\/\"},\"sameAs\":[\"https:\/\/www.facebook.com\/lireco.se\"]}]}<\/script>\n<!-- \/ Yoast SEO plugin. -->","yoast_head_json":{"title":"Privacy Policy - LiReco","robots":{"index":"index","follow":"follow","max-snippet":"max-snippet:-1","max-image-preview":"max-image-preview:large","max-video-preview":"max-video-preview:-1"},"canonical":"https:\/\/lireco.se\/en\/privacy-policy\/","og_locale":"en_US","og_type":"article","og_title":"Privacy Policy - LiReco","og_url":"https:\/\/lireco.se\/en\/privacy-policy\/","og_site_name":"LiReco","article_publisher":"https:\/\/www.facebook.com\/lireco.se","article_modified_time":"2025-10-10T10:29:46+00:00","twitter_card":"summary_large_image","twitter_misc":{"Est. reading time":"2 minutes"},"schema":{"@context":"https:\/\/schema.org","@graph":[{"@type":"WebPage","@id":"https:\/\/lireco.se\/en\/privacy-policy\/","url":"https:\/\/lireco.se\/en\/privacy-policy\/","name":"Privacy Policy - LiReco","isPartOf":{"@id":"https:\/\/lireco.se\/en\/#website"},"datePublished":"2025-10-02T08:08:49+00:00","dateModified":"2025-10-10T10:29:46+00:00","breadcrumb":{"@id":"https:\/\/lireco.se\/en\/privacy-policy\/#breadcrumb"},"inLanguage":"en-US","potentialAction":[{"@type":"ReadAction","target":["https:\/\/lireco.se\/en\/privacy-policy\/"]}]},{"@type":"BreadcrumbList","@id":"https:\/\/lireco.se\/en\/privacy-policy\/#breadcrumb","itemListElement":[{"@type":"ListItem","position":1,"name":"Home","item":"https:\/\/lireco.se\/en\/"},{"@type":"ListItem","position":2,"name":"Privacy Policy"}]},{"@type":"WebSite","@id":"https:\/\/lireco.se\/en\/#website","url":"https:\/\/lireco.se\/en\/","name":"LiReco","description":"Li-Reco \u2013 Rekrytering och spr\u00e5kutbildning f\u00f6r svensk h\u00e4lso och sjukv\u00e5rd","publisher":{"@id":"https:\/\/lireco.se\/en\/#organization"},"potentialAction":[{"@type":"SearchAction","target":{"@type":"EntryPoint","urlTemplate":"https:\/\/lireco.se\/en\/?s={search_term_string}"},"query-input":{"@type":"PropertyValueSpecification","valueRequired":true,"valueName":"search_term_string"}}],"inLanguage":"en-US"},{"@type":"Organization","@id":"https:\/\/lireco.se\/en\/#organization","name":"LiReco","url":"https:\/\/lireco.se\/en\/","logo":{"@type":"ImageObject","inLanguage":"en-US","@id":"https:\/\/lireco.se\/en\/#\/schema\/logo\/image\/","url":"https:\/\/lireco.se\/wp-content\/uploads\/2025\/11\/cropped-logo-lireco-1.png","contentUrl":"https:\/\/lireco.se\/wp-content\/uploads\/2025\/11\/cropped-logo-lireco-1.png","width":384,"height":173,"caption":"LiReco"},"image":{"@id":"https:\/\/lireco.se\/en\/#\/schema\/logo\/image\/"},"sameAs":["https:\/\/www.facebook.com\/lireco.se"]}]}},"_links":{"self":[{"href":"https:\/\/lireco.se\/en\/wp-json\/wp\/v2\/pages\/587","targetHints":{"allow":["GET"]}}],"collection":[{"href":"https:\/\/lireco.se\/en\/wp-json\/wp\/v2\/pages"}],"about":[{"href":"https:\/\/lireco.se\/en\/wp-json\/wp\/v2\/types\/page"}],"author":[{"embeddable":true,"href":"https:\/\/lireco.se\/en\/wp-json\/wp\/v2\/users\/1"}],"replies":[{"embeddable":true,"href":"https:\/\/lireco.se\/en\/wp-json\/wp\/v2\/comments?post=587"}],"version-history":[{"count":3,"href":"https:\/\/lireco.se\/en\/wp-json\/wp\/v2\/pages\/587\/revisions"}],"predecessor-version":[{"id":735,"href":"https:\/\/lireco.se\/en\/wp-json\/wp\/v2\/pages\/587\/revisions\/735"}],"wp:attachment":[{"href":"https:\/\/lireco.se\/en\/wp-json\/wp\/v2\/media?parent=587"}],"curies":[{"name":"wp","href":"https:\/\/api.w.org\/{rel}","templated":true}]}}