{"id":761,"date":"2025-10-10T11:03:44","date_gmt":"2025-10-10T11:03:44","guid":{"rendered":"https:\/\/lireco.se\/about-lireco-2\/"},"modified":"2026-04-01T08:51:37","modified_gmt":"2026-04-01T08:51:37","slug":"about-lireco","status":"publish","type":"page","link":"https:\/\/lireco.se\/en\/about-lireco\/","title":{"rendered":"About Lireco"},"content":{"rendered":"\n<div class=\"wp-block-lirico-sub-hero alignwide sub-hero sub-hero--text-left\"><div class=\"sub-hero__container\"><div class=\"sub-hero__grid\"><div class=\"sub-hero__text\"><div class=\"sub-hero__text-content\"><h1 class=\"sub-hero__heading\">Li-reco: Recruitment of Healthcare Professionals from the EU to Sweden<\/h1><\/div><\/div><div class=\"sub-hero__image\"><div class=\"sub-hero__image-container\"><img decoding=\"async\" src=\"https:\/\/lireco.se\/wp-content\/uploads\/2025\/10\/Rectangle-4679.png\" alt=\"\" class=\"sub-hero__img\"\/><\/div><\/div><\/div><\/div><\/div>\n\n<div class=\"wp-block-lirico-spacer spacer spacer--center spacer--full\" style=\"min-height:96px\"><div class=\"spacer__container\"><div class=\"spacer__grid\"><div class=\"spacer__content\"><\/div><\/div><\/div><\/div>\n\n<div class=\"wp-block-lirico-image-text alignwide image-text image-text--text-right image-text--mobile-above\"><div class=\"image-text__container\"><div class=\"image-text__grid\"><div class=\"image-text__image\"><div class=\"image-text__image-container\"><img decoding=\"async\" src=\"https:\/\/lireco.se\/wp-content\/uploads\/2025\/09\/Desktop-images-3.png\" alt=\"\" class=\"image-text__img\"\/><\/div><\/div><div class=\"image-text__text\"><div class=\"image-text__text-content\"><h2 class=\"image-text__heading\">A Swedish Company with All of Europe as Its Field of Operation<\/h2><div class=\"image-text__body\">\n<p>Li-reco AB was founded by Lidia Bartha\u2014born in Romania with Hungarian heritage, raised in \u00d6stersund, and a long-time resident of Sk\u00e5ne. It is no coincidence that her company recruits from Europe. She has known the continent since childhood\u2014the languages, the culture, the mentality\u2014and Sweden just as well as her second homeland.  <\/p>\n\n\n\n<p>Since 2011, she has specialized in recruiting licensed healthcare professionals\u2014physicians, nurses, radiographers, and biomedical scientists\u2014from the EU to the Swedish healthcare system.<\/p>\n\n\n\n<p>We are an authorized partner to public healthcare in Sweden.<\/p>\n<\/div><div class=\"image-text__button-wrapper\"><span class=\"button button--primary\">Learn More<\/span><\/div><\/div><\/div><\/div><\/div><\/div>\n\n<div class=\"wp-block-lirico-spacer spacer spacer--center spacer--full\" style=\"min-height:96px\"><div class=\"spacer__container\"><div class=\"spacer__grid\"><div class=\"spacer__content\"><\/div><\/div><\/div><\/div>\n\n<div class=\"wp-block-lirico-image-text alignwide image-text image-text--text-right image-text--mobile-above\"><div class=\"image-text__container\"><div class=\"image-text__grid\"><div class=\"image-text__image\"><div class=\"image-text__image-container\"><img decoding=\"async\" src=\"https:\/\/lireco.se\/wp-content\/uploads\/2025\/09\/Group-38909.png\" alt=\"\" class=\"image-text__img\"\/><\/div><\/div><div class=\"image-text__text\"><div class=\"image-text__text-content\"><h2 class=\"image-text__heading\">We Manage the Entire Process<\/h2><div class=\"image-text__body\">\n<p>From requirements profile and advertising to language training, Swedish regulations, and relocation for the entire family. As an employer or employee, you have one single point of contact throughout the entire journey. <\/p>\n\n\n\n<ul class=\"wp-block-list\">\n<li>Recruitment of specialist physicians and healthcare professionals from across the EU<\/li>\n\n\n\n<li>Intensive Swedish language training with a focus on medical Swedish<\/li>\n\n\n\n<li>Course in Swedish laws and regulations within healthcare<\/li>\n\n\n\n<li>Relocation support for candidate and family\u2014housing, school, daily life<\/li>\n\n\n\n<li>Available around the clock, including evenings and weekends<\/li>\n<\/ul>\n<\/div><div class=\"image-text__button-wrapper\"><a href=\"https:\/\/lireco.se\/en\/vart-team\/\" class=\"button button--primary\">Read more<\/a><\/div><\/div><\/div><\/div><\/div><\/div>\n\n<div class=\"wp-block-lirico-image-text alignwide image-text image-text--text-left image-text--mobile-above\"><div class=\"image-text__container\"><div class=\"image-text__grid\"><div class=\"image-text__image\"><div class=\"image-text__image-container\"><img decoding=\"async\" src=\"https:\/\/lireco.se\/wp-content\/uploads\/2026\/04\/interlanguage-40.jpg\" alt=\"\" class=\"image-text__img\"\/><\/div><\/div><div class=\"image-text__text\"><div class=\"image-text__text-content\"><h2 class=\"image-text__heading\">Language training that opens doors?<\/h2><div class=\"image-text__body\">\n<p>All accepted candidates receive access to intensive Swedish with a focus on medical Swedish. Instruction takes place online or on-site at our Swedex-certified partner schools in Budapest and Bucharest. The course leads to level C1 in Swedish\u2014a requirement for Swedish licensure.  <\/p>\n\n\n\n<p>We also offer courses for accompanying partners and support regarding children&#8217;s schooling.<\/p>\n<\/div><div class=\"image-text__button-wrapper\"><a href=\"https:\/\/lireco.se\/en\/courses\/\" class=\"button button--primary\">Read more<\/a><\/div><\/div><\/div><\/div><\/div><\/div>\n\n<div class=\"wp-block-lirico-text-cta aligncenter text-cta\"><div class=\"text-cta__container\"><div class=\"text-cta__grid\"><div class=\"text-cta__content-wrapper\"><h2 class=\"text-cta__heading\">A Swedish company with all of Europe as its field of work<\/h2><div class=\"text-cta__content\">We have built a flexible organization that enables us to handle multiple parallel recruitment projects without compromising on quality.<br\/><br\/>Our projects are always led by a designated contact person with backup, and we ensure clear communication between all parties throughout the process: candidates, schools, authorities, and employers.<\/div><\/div><\/div><\/div><\/div>\n\n<div class=\"wp-block-lirico-spacer spacer spacer--center spacer--full\" style=\"min-height:96px\"><div class=\"spacer__container\"><div class=\"spacer__grid\"><div class=\"spacer__content\"><\/div><\/div><\/div><\/div>\n\n<div class=\"wp-block-lirico-contact-form wp-block-custom-blocks-theme-contact-form\"><div class=\"contact-form\"><div class=\"contact-form__container\"><div class=\"contact-form__grid\"><div class=\"contact-form__form-section\"><form class=\"contact-form__form\" id=\"contact-form\"><div class=\"contact-form__field-group\"><div class=\"contact-form__field\"><label class=\"contact-form__label\" for=\"full-name\">First and last name<span class=\"contact-form__required\">*<\/span><\/label><input type=\"text\" id=\"full-name\" name=\"full_name\" class=\"contact-form__input\" placeholder=\"F&#xF6;rnamn och efternamn\" required=\"\"\/><\/div><\/div><div class=\"contact-form__field\"><label class=\"contact-form__label\" for=\"language\">Languages you speak<span class=\"contact-form__required\">*<\/span><\/label><div class=\"contact-form__custom-select\" data-custom-select=\"true\" data-required=\"true\"><input type=\"hidden\" id=\"language\" name=\"language\" class=\"contact-form__custom-select-value\"\/><div class=\"contact-form__custom-select-trigger\"><span>Spr\u00e5k du talar<\/span><svg class=\"contact-form__custom-select-arrow\" width=\"20\" height=\"20\" viewbox=\"0 0 24 24\" fill=\"none\" xmlns=\"http:\/\/www.w3.org\/2000\/svg\"><path d=\"M7.41 8.59L12 13.17l4.59-4.58L18 10l-6 6-6-6 1.41-1.41z\" fill=\"#999999\"><\/path><\/svg><\/div><div class=\"contact-form__custom-select-options\"><div class=\"contact-form__custom-select-option\" data-value=\"svenska\">Swedish<\/div><div class=\"contact-form__custom-select-option\" data-value=\"engelska\">English<\/div><div class=\"contact-form__custom-select-option\" data-value=\"arabiska\">Arabic<\/div><div class=\"contact-form__custom-select-option\" data-value=\"somaliska\">Somali<\/div><div class=\"contact-form__custom-select-option\" data-value=\"polska\">Polish<\/div><div class=\"contact-form__custom-select-option\" data-value=\"spanska\">Spanish<\/div><div class=\"contact-form__custom-select-option\" data-value=\"annat\">Other<\/div><\/div><\/div><\/div><div class=\"contact-form__field\"><label class=\"contact-form__label\" for=\"profession\">Profession \/ specialty<span class=\"contact-form__required\">*<\/span><\/label><div class=\"contact-form__custom-select\" data-custom-select=\"true\" data-required=\"true\"><input type=\"hidden\" id=\"profession\" name=\"profession\" class=\"contact-form__custom-select-value\"\/><div class=\"contact-form__custom-select-trigger\"><span>V\u00e4lj<\/span><svg class=\"contact-form__custom-select-arrow\" width=\"20\" height=\"20\" viewbox=\"0 0 24 24\" fill=\"none\" xmlns=\"http:\/\/www.w3.org\/2000\/svg\"><path d=\"M7.41 8.59L12 13.17l4.59-4.58L18 10l-6 6-6-6 1.41-1.41z\" fill=\"#999999\"><\/path><\/svg><\/div><div class=\"contact-form__custom-select-options\"><div class=\"contact-form__custom-select-option\" data-value=\"sjukskoterska\">Nurse<\/div><div class=\"contact-form__custom-select-option\" data-value=\"underskoterska\">Assistant Nurse<\/div><div class=\"contact-form__custom-select-option\" data-value=\"lakare\">Physician<\/div><div class=\"contact-form__custom-select-option\" data-value=\"vardbitraden\">Care Assistant<\/div><div class=\"contact-form__custom-select-option\" data-value=\"arbetsterapeut\">Occupational Therapist<\/div><div class=\"contact-form__custom-select-option\" data-value=\"fysioterapeut\">Physiotherapist<\/div><div class=\"contact-form__custom-select-option\" data-value=\"annat\">Other<\/div><\/div><\/div><\/div><div class=\"contact-form__field\"><label class=\"contact-form__label\" for=\"phone\">Phone number<span class=\"contact-form__required\">*<\/span><\/label><input type=\"tel\" id=\"phone\" name=\"phone\" class=\"contact-form__input\" placeholder=\"+46\" required=\"\"\/><\/div><div class=\"contact-form__field\"><label class=\"contact-form__label\" for=\"email\">Email address<span class=\"contact-form__required\">*<\/span><\/label><input type=\"email\" id=\"email\" name=\"email\" class=\"contact-form__input\" placeholder=\"E-postadress\" required=\"\"\/><\/div><div class=\"contact-form__field\"><label class=\"contact-form__label\" for=\"message\">Message<\/label><textarea id=\"message\" name=\"message\" class=\"contact-form__textarea\" rows=\"4\" placeholder=\"Meddelande\"><\/textarea><\/div><div class=\"contact-form__field\"><label class=\"contact-form__label\">Upload documents<\/label><div class=\"contact-form__upload-area\" data-upload-area=\"true\"><input type=\"file\" id=\"document\" name=\"document\" class=\"contact-form__file-input\" accept=\".pdf,.doc,.docx\" hidden=\"\"\/><div class=\"contact-form__upload-content\"><span class=\"contact-form__upload-icon\">\ud83d\udcc4<\/span><span class=\"contact-form__upload-text\">Upload a file<\/span><span class=\"contact-form__upload-hint\">Drag and drop files here<\/span><\/div><\/div><div class=\"contact-form__upload-status\" data-upload-status=\"true\" style=\"display:none\"><\/div><\/div><div class=\"contact-form__field contact-form__checkbox-field\"><label class=\"contact-form__checkbox-label\"><input type=\"checkbox\" id=\"privacy\" name=\"privacy\" class=\"contact-form__checkbox\" required=\"\"\/><span class=\"contact-form__checkbox-text\">I accept the <a href=\"https:\/\/lireco.se\/en\/privacy-policy\/\" class=\"contact-form__link\" target=\"_blank\" rel=\"noopener noreferrer\">Privacy Policy<\/a>.<\/span><\/label><\/div><div class=\"contact-form__submit\"><button type=\"submit\" class=\"contact-form__button button button--primary\"><span class=\"contact-form__button-text\">Submit<\/span><span class=\"contact-form__button-loading\" style=\"display:none\">Submitting&#8230;<\/span><\/button><\/div><div class=\"contact-form__messages\" data-form-messages=\"true\"><\/div><\/form><\/div><div class=\"contact-form__text-section\"><div class=\"contact-form__text-content\"><h2 class=\"contact-form__heading\">Would you like to get in touch with us?<\/h2><div class=\"contact-form__content\"><p>Fill in the form and we will get back to you shortly. Whether you are an employer or a candidate, we are here to guide you. <\/p><p>Please indicate whether you are looking for a job or wish to recruit \u2014 we will connect you with the right contact person.<\/p><\/div><\/div><\/div><\/div><\/div><\/div><\/div>\n\n<div class=\"wp-block-lirico-spacer spacer spacer--center spacer--full\" style=\"min-height:96px\"><div class=\"spacer__container\"><div class=\"spacer__grid\"><div class=\"spacer__content\"><\/div><\/div><\/div><\/div>\n\n<div class=\"wp-block-lirico-image-text image-text image-text--text-right image-text--mobile-above\"><div class=\"image-text__container\"><div class=\"image-text__grid\"><div class=\"image-text__image\"><div class=\"image-text__image-container\"><img decoding=\"async\" src=\"https:\/\/lireco.se\/wp-content\/uploads\/2025\/10\/Desktop-images-1.png\" alt=\"\" class=\"image-text__img\"\/><\/div><\/div><div class=\"image-text__text\"><div class=\"image-text__text-content\"><h2 class=\"image-text__heading\">Language training that opens doors?<\/h2><div class=\"image-text__body\">\n<p>All admitted candidates gain access to an intensive Swedish course focused on medical Swedish.<\/p>\n\n\n\n<p>Teaching takes place online or on-site at our Swedex-certified schools. The course leads to C1 level and concludes with an exam and certification, which is required for Swedish licensure. <\/p>\n\n\n\n<p>We also offer classes for partners and support for children\u2019s schooling.<\/p>\n<\/div><div class=\"image-text__button-wrapper\"><span class=\"button button--primary\">L\u00e4s mer om v\u00e5r spr\u00e5kutbildning<\/span><\/div><\/div><\/div><\/div><\/div><\/div>\n\n<p\/>\n","protected":false},"excerpt":{"rendered":"","protected":false},"author":1,"featured_media":0,"parent":0,"menu_order":0,"comment_status":"closed","ping_status":"closed","template":"","meta":{"footnotes":""},"class_list":["post-761","page","type-page","status-publish","hentry"],"yoast_head":"<!-- This site is optimized with the Yoast SEO plugin v27.2 - https:\/\/yoast.com\/product\/yoast-seo-wordpress\/ -->\n<title>About Lireco - LiReco<\/title>\n<meta name=\"robots\" content=\"index, follow, max-snippet:-1, max-image-preview:large, max-video-preview:-1\" \/>\n<link rel=\"canonical\" href=\"https:\/\/lireco.se\/en\/about-lireco\/\" \/>\n<meta property=\"og:locale\" content=\"en_US\" \/>\n<meta property=\"og:type\" content=\"article\" \/>\n<meta property=\"og:title\" content=\"About Lireco - LiReco\" \/>\n<meta property=\"og:url\" content=\"https:\/\/lireco.se\/en\/about-lireco\/\" \/>\n<meta property=\"og:site_name\" content=\"LiReco\" \/>\n<meta property=\"article:publisher\" content=\"https:\/\/www.facebook.com\/lireco.se\" \/>\n<meta property=\"article:modified_time\" content=\"2026-04-01T08:51:37+00:00\" \/>\n<meta property=\"og:image\" content=\"https:\/\/lireco.se\/wp-content\/uploads\/2025\/10\/Rectangle-4679.png\" \/>\n<meta name=\"twitter:card\" content=\"summary_large_image\" \/>\n<meta name=\"twitter:label1\" content=\"Est. reading time\" \/>\n\t<meta name=\"twitter:data1\" content=\"3 minutes\" \/>\n<script type=\"application\/ld+json\" class=\"yoast-schema-graph\">{\"@context\":\"https:\/\/schema.org\",\"@graph\":[{\"@type\":\"WebPage\",\"@id\":\"https:\/\/lireco.se\/en\/about-lireco\/\",\"url\":\"https:\/\/lireco.se\/en\/about-lireco\/\",\"name\":\"About Lireco - LiReco\",\"isPartOf\":{\"@id\":\"https:\/\/lireco.se\/en\/#website\"},\"primaryImageOfPage\":{\"@id\":\"https:\/\/lireco.se\/en\/about-lireco\/#primaryimage\"},\"image\":{\"@id\":\"https:\/\/lireco.se\/en\/about-lireco\/#primaryimage\"},\"thumbnailUrl\":\"https:\/\/lireco.se\/wp-content\/uploads\/2025\/10\/Rectangle-4679.png\",\"datePublished\":\"2025-10-10T11:03:44+00:00\",\"dateModified\":\"2026-04-01T08:51:37+00:00\",\"breadcrumb\":{\"@id\":\"https:\/\/lireco.se\/en\/about-lireco\/#breadcrumb\"},\"inLanguage\":\"en-US\",\"potentialAction\":[{\"@type\":\"ReadAction\",\"target\":[\"https:\/\/lireco.se\/en\/about-lireco\/\"]}]},{\"@type\":\"ImageObject\",\"inLanguage\":\"en-US\",\"@id\":\"https:\/\/lireco.se\/en\/about-lireco\/#primaryimage\",\"url\":\"https:\/\/lireco.se\/wp-content\/uploads\/2025\/10\/Rectangle-4679.png\",\"contentUrl\":\"https:\/\/lireco.se\/wp-content\/uploads\/2025\/10\/Rectangle-4679.png\"},{\"@type\":\"BreadcrumbList\",\"@id\":\"https:\/\/lireco.se\/en\/about-lireco\/#breadcrumb\",\"itemListElement\":[{\"@type\":\"ListItem\",\"position\":1,\"name\":\"Home\",\"item\":\"https:\/\/lireco.se\/en\/\"},{\"@type\":\"ListItem\",\"position\":2,\"name\":\"About Lireco\"}]},{\"@type\":\"WebSite\",\"@id\":\"https:\/\/lireco.se\/en\/#website\",\"url\":\"https:\/\/lireco.se\/en\/\",\"name\":\"LiReco\",\"description\":\"Li-Reco \u2013 Rekrytering och spr\u00e5kutbildning f\u00f6r svensk h\u00e4lso och sjukv\u00e5rd\",\"publisher\":{\"@id\":\"https:\/\/lireco.se\/en\/#organization\"},\"potentialAction\":[{\"@type\":\"SearchAction\",\"target\":{\"@type\":\"EntryPoint\",\"urlTemplate\":\"https:\/\/lireco.se\/en\/?s={search_term_string}\"},\"query-input\":{\"@type\":\"PropertyValueSpecification\",\"valueRequired\":true,\"valueName\":\"search_term_string\"}}],\"inLanguage\":\"en-US\"},{\"@type\":\"Organization\",\"@id\":\"https:\/\/lireco.se\/en\/#organization\",\"name\":\"LiReco\",\"url\":\"https:\/\/lireco.se\/en\/\",\"logo\":{\"@type\":\"ImageObject\",\"inLanguage\":\"en-US\",\"@id\":\"https:\/\/lireco.se\/en\/#\/schema\/logo\/image\/\",\"url\":\"https:\/\/lireco.se\/wp-content\/uploads\/2025\/11\/cropped-logo-lireco-1.png\",\"contentUrl\":\"https:\/\/lireco.se\/wp-content\/uploads\/2025\/11\/cropped-logo-lireco-1.png\",\"width\":384,\"height\":173,\"caption\":\"LiReco\"},\"image\":{\"@id\":\"https:\/\/lireco.se\/en\/#\/schema\/logo\/image\/\"},\"sameAs\":[\"https:\/\/www.facebook.com\/lireco.se\"]}]}<\/script>\n<!-- \/ Yoast SEO plugin. -->","yoast_head_json":{"title":"About Lireco - LiReco","robots":{"index":"index","follow":"follow","max-snippet":"max-snippet:-1","max-image-preview":"max-image-preview:large","max-video-preview":"max-video-preview:-1"},"canonical":"https:\/\/lireco.se\/en\/about-lireco\/","og_locale":"en_US","og_type":"article","og_title":"About Lireco - LiReco","og_url":"https:\/\/lireco.se\/en\/about-lireco\/","og_site_name":"LiReco","article_publisher":"https:\/\/www.facebook.com\/lireco.se","article_modified_time":"2026-04-01T08:51:37+00:00","og_image":[{"url":"https:\/\/lireco.se\/wp-content\/uploads\/2025\/10\/Rectangle-4679.png","type":"","width":"","height":""}],"twitter_card":"summary_large_image","twitter_misc":{"Est. reading time":"3 minutes"},"schema":{"@context":"https:\/\/schema.org","@graph":[{"@type":"WebPage","@id":"https:\/\/lireco.se\/en\/about-lireco\/","url":"https:\/\/lireco.se\/en\/about-lireco\/","name":"About Lireco - LiReco","isPartOf":{"@id":"https:\/\/lireco.se\/en\/#website"},"primaryImageOfPage":{"@id":"https:\/\/lireco.se\/en\/about-lireco\/#primaryimage"},"image":{"@id":"https:\/\/lireco.se\/en\/about-lireco\/#primaryimage"},"thumbnailUrl":"https:\/\/lireco.se\/wp-content\/uploads\/2025\/10\/Rectangle-4679.png","datePublished":"2025-10-10T11:03:44+00:00","dateModified":"2026-04-01T08:51:37+00:00","breadcrumb":{"@id":"https:\/\/lireco.se\/en\/about-lireco\/#breadcrumb"},"inLanguage":"en-US","potentialAction":[{"@type":"ReadAction","target":["https:\/\/lireco.se\/en\/about-lireco\/"]}]},{"@type":"ImageObject","inLanguage":"en-US","@id":"https:\/\/lireco.se\/en\/about-lireco\/#primaryimage","url":"https:\/\/lireco.se\/wp-content\/uploads\/2025\/10\/Rectangle-4679.png","contentUrl":"https:\/\/lireco.se\/wp-content\/uploads\/2025\/10\/Rectangle-4679.png"},{"@type":"BreadcrumbList","@id":"https:\/\/lireco.se\/en\/about-lireco\/#breadcrumb","itemListElement":[{"@type":"ListItem","position":1,"name":"Home","item":"https:\/\/lireco.se\/en\/"},{"@type":"ListItem","position":2,"name":"About Lireco"}]},{"@type":"WebSite","@id":"https:\/\/lireco.se\/en\/#website","url":"https:\/\/lireco.se\/en\/","name":"LiReco","description":"Li-Reco \u2013 Rekrytering och spr\u00e5kutbildning f\u00f6r svensk h\u00e4lso och sjukv\u00e5rd","publisher":{"@id":"https:\/\/lireco.se\/en\/#organization"},"potentialAction":[{"@type":"SearchAction","target":{"@type":"EntryPoint","urlTemplate":"https:\/\/lireco.se\/en\/?s={search_term_string}"},"query-input":{"@type":"PropertyValueSpecification","valueRequired":true,"valueName":"search_term_string"}}],"inLanguage":"en-US"},{"@type":"Organization","@id":"https:\/\/lireco.se\/en\/#organization","name":"LiReco","url":"https:\/\/lireco.se\/en\/","logo":{"@type":"ImageObject","inLanguage":"en-US","@id":"https:\/\/lireco.se\/en\/#\/schema\/logo\/image\/","url":"https:\/\/lireco.se\/wp-content\/uploads\/2025\/11\/cropped-logo-lireco-1.png","contentUrl":"https:\/\/lireco.se\/wp-content\/uploads\/2025\/11\/cropped-logo-lireco-1.png","width":384,"height":173,"caption":"LiReco"},"image":{"@id":"https:\/\/lireco.se\/en\/#\/schema\/logo\/image\/"},"sameAs":["https:\/\/www.facebook.com\/lireco.se"]}]}},"_links":{"self":[{"href":"https:\/\/lireco.se\/en\/wp-json\/wp\/v2\/pages\/761","targetHints":{"allow":["GET"]}}],"collection":[{"href":"https:\/\/lireco.se\/en\/wp-json\/wp\/v2\/pages"}],"about":[{"href":"https:\/\/lireco.se\/en\/wp-json\/wp\/v2\/types\/page"}],"author":[{"embeddable":true,"href":"https:\/\/lireco.se\/en\/wp-json\/wp\/v2\/users\/1"}],"replies":[{"embeddable":true,"href":"https:\/\/lireco.se\/en\/wp-json\/wp\/v2\/comments?post=761"}],"version-history":[{"count":39,"href":"https:\/\/lireco.se\/en\/wp-json\/wp\/v2\/pages\/761\/revisions"}],"predecessor-version":[{"id":1192,"href":"https:\/\/lireco.se\/en\/wp-json\/wp\/v2\/pages\/761\/revisions\/1192"}],"wp:attachment":[{"href":"https:\/\/lireco.se\/en\/wp-json\/wp\/v2\/media?parent=761"}],"curies":[{"name":"wp","href":"https:\/\/api.w.org\/{rel}","templated":true}]}}