{"id":785,"date":"2025-10-10T11:16:23","date_gmt":"2025-10-10T11:16:23","guid":{"rendered":"https:\/\/lireco.se\/vart-team\/"},"modified":"2026-04-01T08:39:47","modified_gmt":"2026-04-01T08:39:47","slug":"vart-team","status":"publish","type":"page","link":"https:\/\/lireco.se\/en\/vart-team\/","title":{"rendered":"Our Team"},"content":{"rendered":"\n<div class=\"wp-block-lirico-sub-hero alignwide sub-hero sub-hero--text-left\"><div class=\"sub-hero__container\"><div class=\"sub-hero__grid\"><div class=\"sub-hero__text\"><div class=\"sub-hero__text-content\"><h1 class=\"sub-hero__heading\">International team<\/h1><div class=\"sub-hero__content\">We are an international team with extensive experience in healthcare recruitment. Our agents are on site in the countries we recruit from \u2013 and follow the candidates through the entire process. <\/div><\/div><\/div><div class=\"sub-hero__image\"><div class=\"sub-hero__image-container\"><img decoding=\"async\" src=\"https:\/\/lireco.se\/wp-content\/uploads\/2025\/09\/Rectangle-4679-1.png\" alt=\"\" class=\"sub-hero__img\"\/><\/div><\/div><\/div><\/div><\/div>\n\n<div class=\"wp-block-lirico-spacer spacer spacer--center spacer--full\" style=\"min-height:96px\"><div class=\"spacer__container\"><div class=\"spacer__grid\"><div class=\"spacer__content\"><\/div><\/div><\/div><\/div>\n\n<div class=\"wp-block-lirico-image-text alignwide image-text image-text--text-right image-text--mobile-above\"><div class=\"image-text__container\"><div class=\"image-text__grid\"><div class=\"image-text__image image-text__image--with-background\" style=\"background-color:#FFFFFF;padding:24px;border-radius:8px\"><div class=\"image-text__image-container\"><img decoding=\"async\" src=\"https:\/\/lireco.se\/wp-content\/uploads\/2025\/11\/Group-38908.png\" alt=\"\" class=\"image-text__img\"\/><\/div><\/div><div class=\"image-text__text\"><div class=\"image-text__text-content\"><h2 class=\"image-text__heading\">Our Team<\/h2><div class=\"image-text__body\">\n<p>We are an international team with extensive experience in recruitment within healthcare and social care. Our agents are based in the countries we primarily recruit from and support candidates throughout the entire process. <\/p>\n<\/div><\/div><\/div><\/div><\/div><\/div>\n\n<div class=\"wp-block-lirico-image-text alignwide image-text image-text--text-left image-text--mobile-above\"><div class=\"image-text__container\"><div class=\"image-text__grid\"><div class=\"image-text__image image-text__image--with-background\" style=\"background-color:#FFFBF6;padding:24px;border-radius:8px\"><div class=\"image-text__image-container\"><img decoding=\"async\" src=\"https:\/\/lireco.se\/wp-content\/uploads\/2026\/04\/IMG_20260315_191649_938.jpg\" alt=\"\" class=\"image-text__img\"\/><\/div><\/div><div class=\"image-text__text\"><div class=\"image-text__text-content\"><h2 class=\"image-text__heading\">Lidia Bartha, Founder<\/h2><div class=\"image-text__body\">\n<p>Lidia was born in Romania with Hungarian roots, grew up in \u00d6stersund, and moved to Sk\u00e5ne to study public health science at Malm\u00f6 University. That journey\u2014between countries, cultures, and languages\u2014is the foundation of everything she has built since then. <\/p>\n\n\n\n<p>She knows what it means to leave a country you love to start over in Sweden. That is why candidates trust her. And that is why she can navigate Europe in a way few recruiters can.  <\/p>\n\n\n\n<p>Since 2011, Lidia has led recruitment processes for healthcare professionals from the EU to Sweden\u2014from the initial request through to the candidate having worked in Sweden for at least six months. She is the point of contact for everyone involved: candidates, families, agents, schools, authorities, and employers. <\/p>\n\n\n\n<p>With training as a public health specialist, recruitment consultant, and certified coach, she sees the whole person\u2014not just the CV.<\/p>\n\n\n\n<p>Lidia is fluent in Swedish, Hungarian, Romanian, and English.<\/p>\n<\/div><div class=\"image-text__button-wrapper\"><a href=\"https:\/\/lireco.se\/en\/contact-us\/\" class=\"button button--primary\">Contact Us<\/a><\/div><\/div><\/div><\/div><\/div><\/div>\n\n<div class=\"wp-block-lirico-spacer spacer spacer--center spacer--full\" style=\"min-height:96px\"><div class=\"spacer__container\"><div class=\"spacer__grid\"><div class=\"spacer__content\"><\/div><\/div><\/div><\/div>\n\n<div class=\"wp-block-lirico-image-text alignwide image-text image-text--text-right image-text--mobile-above\"><div class=\"image-text__container\"><div class=\"image-text__grid\"><div class=\"image-text__image image-text__image--with-background\" style=\"background-color:#FFFBF6;padding:24px;border-radius:8px\"><div class=\"image-text__image-container\"><img decoding=\"async\" src=\"https:\/\/lireco.se\/wp-content\/uploads\/2025\/10\/Rectangle-1576.png\" alt=\"\" class=\"image-text__img\"\/><\/div><\/div><div class=\"image-text__text\"><div class=\"image-text__text-content\"><h2 class=\"image-text__heading\">Our agents in Europe<\/h2><div class=\"image-text__body\">\n<p>We have representatives on the ground in many European countries, such as Greece, Romania, and Croatia. They are responsible for advertising, references, interviews, and initial contact in their respective countries\u2014and they create the security and trust that make every recruitment a positive experience for both candidate and employer. <\/p>\n\n\n\n<p>I personally lead every project, from the first call until the candidate is established in Sweden and has worked for at least six months. For me, it is never just a placement\u2014it is a person, often an entire family, taking the biggest step of their life. <br><br><strong>I take that trust very seriously.<\/strong><\/p>\n<\/div><\/div><\/div><\/div><\/div><\/div>\n\n<div class=\"wp-block-lirico-spacer spacer spacer--center spacer--full\" style=\"min-height:96px\"><div class=\"spacer__container\"><div class=\"spacer__grid\"><div class=\"spacer__content\"><\/div><\/div><\/div><\/div>\n\n<div class=\"wp-block-lirico-contact-form wp-block-custom-blocks-theme-contact-form\"><div class=\"contact-form\"><div class=\"contact-form__container\"><div class=\"contact-form__grid\"><div class=\"contact-form__form-section\"><form class=\"contact-form__form\" id=\"contact-form\"><div class=\"contact-form__field-group\"><div class=\"contact-form__field\"><label class=\"contact-form__label\" for=\"full-name\">First and last name<span class=\"contact-form__required\">*<\/span><\/label><input type=\"text\" id=\"full-name\" name=\"full_name\" class=\"contact-form__input\" placeholder=\"F&#xF6;rnamn och efternamn\" required=\"\"\/><\/div><\/div><div class=\"contact-form__field\"><label class=\"contact-form__label\" for=\"language\">Languages you speak<span class=\"contact-form__required\">*<\/span><\/label><div class=\"contact-form__custom-select\" data-custom-select=\"true\" data-required=\"true\"><input type=\"hidden\" id=\"language\" name=\"language\" class=\"contact-form__custom-select-value\"\/><div class=\"contact-form__custom-select-trigger\"><span>Spr\u00e5k du talar<\/span><svg class=\"contact-form__custom-select-arrow\" width=\"20\" height=\"20\" viewbox=\"0 0 24 24\" fill=\"none\" xmlns=\"http:\/\/www.w3.org\/2000\/svg\"><path d=\"M7.41 8.59L12 13.17l4.59-4.58L18 10l-6 6-6-6 1.41-1.41z\" fill=\"#999999\"><\/path><\/svg><\/div><div class=\"contact-form__custom-select-options\"><div class=\"contact-form__custom-select-option\" data-value=\"svenska\">Swedish<\/div><div class=\"contact-form__custom-select-option\" data-value=\"engelska\">English<\/div><div class=\"contact-form__custom-select-option\" data-value=\"arabiska\">Arabic<\/div><div class=\"contact-form__custom-select-option\" data-value=\"somaliska\">Somali<\/div><div class=\"contact-form__custom-select-option\" data-value=\"polska\">Polish<\/div><div class=\"contact-form__custom-select-option\" data-value=\"spanska\">Spanish<\/div><div class=\"contact-form__custom-select-option\" data-value=\"annat\">Other<\/div><\/div><\/div><\/div><div class=\"contact-form__field\"><label class=\"contact-form__label\" for=\"profession\">Profession \/ specialty<span class=\"contact-form__required\">*<\/span><\/label><div class=\"contact-form__custom-select\" data-custom-select=\"true\" data-required=\"true\"><input type=\"hidden\" id=\"profession\" name=\"profession\" class=\"contact-form__custom-select-value\"\/><div class=\"contact-form__custom-select-trigger\"><span>V\u00e4lj<\/span><svg class=\"contact-form__custom-select-arrow\" width=\"20\" height=\"20\" viewbox=\"0 0 24 24\" fill=\"none\" xmlns=\"http:\/\/www.w3.org\/2000\/svg\"><path d=\"M7.41 8.59L12 13.17l4.59-4.58L18 10l-6 6-6-6 1.41-1.41z\" fill=\"#999999\"><\/path><\/svg><\/div><div class=\"contact-form__custom-select-options\"><div class=\"contact-form__custom-select-option\" data-value=\"sjukskoterska\">Nurse<\/div><div class=\"contact-form__custom-select-option\" data-value=\"underskoterska\">Assistant Nurse<\/div><div class=\"contact-form__custom-select-option\" data-value=\"lakare\">Physician<\/div><div class=\"contact-form__custom-select-option\" data-value=\"vardbitraden\">Care Assistant<\/div><div class=\"contact-form__custom-select-option\" data-value=\"arbetsterapeut\">Occupational Therapist<\/div><div class=\"contact-form__custom-select-option\" data-value=\"fysioterapeut\">Physiotherapist<\/div><div class=\"contact-form__custom-select-option\" data-value=\"annat\">Other<\/div><\/div><\/div><\/div><div class=\"contact-form__field\"><label class=\"contact-form__label\" for=\"phone\">Phone number<span class=\"contact-form__required\">*<\/span><\/label><input type=\"tel\" id=\"phone\" name=\"phone\" class=\"contact-form__input\" placeholder=\"+46\" required=\"\"\/><\/div><div class=\"contact-form__field\"><label class=\"contact-form__label\" for=\"email\">Email address<span class=\"contact-form__required\">*<\/span><\/label><input type=\"email\" id=\"email\" name=\"email\" class=\"contact-form__input\" placeholder=\"E-postadress\" required=\"\"\/><\/div><div class=\"contact-form__field\"><label class=\"contact-form__label\" for=\"message\">Message<\/label><textarea id=\"message\" name=\"message\" class=\"contact-form__textarea\" rows=\"4\" placeholder=\"Meddelande\"><\/textarea><\/div><div class=\"contact-form__field\"><label class=\"contact-form__label\">Upload documents<\/label><div class=\"contact-form__upload-area\" data-upload-area=\"true\"><input type=\"file\" id=\"document\" name=\"document\" class=\"contact-form__file-input\" accept=\".pdf,.doc,.docx\" hidden=\"\"\/><div class=\"contact-form__upload-content\"><span class=\"contact-form__upload-icon\">\ud83d\udcc4<\/span><span class=\"contact-form__upload-text\">Upload a file<\/span><span class=\"contact-form__upload-hint\">Drag and drop files here<\/span><\/div><\/div><div class=\"contact-form__upload-status\" data-upload-status=\"true\" style=\"display:none\"><\/div><\/div><div class=\"contact-form__field contact-form__checkbox-field\"><label class=\"contact-form__checkbox-label\"><input type=\"checkbox\" id=\"privacy\" name=\"privacy\" class=\"contact-form__checkbox\" required=\"\"\/><span class=\"contact-form__checkbox-text\">I accept the <a href=\"https:\/\/lireco.se\/en\/privacy-policy\/\" class=\"contact-form__link\" target=\"_blank\" rel=\"noopener noreferrer\">Privacy Policy<\/a>.<\/span><\/label><\/div><div class=\"contact-form__submit\"><button type=\"submit\" class=\"contact-form__button button button--primary\"><span class=\"contact-form__button-text\">Submit<\/span><span class=\"contact-form__button-loading\" style=\"display:none\">Submitting&#8230;<\/span><\/button><\/div><div class=\"contact-form__messages\" data-form-messages=\"true\"><\/div><\/form><\/div><div class=\"contact-form__text-section\"><div class=\"contact-form__text-content\"><h2 class=\"contact-form__heading\">Would you like to get in touch with us?<\/h2><div class=\"contact-form__content\"><p>Fill in the form and we will get back to you shortly. Whether you are an employer or a candidate, we are here to guide you. <\/p><p>Please indicate whether you are looking for a job or wish to recruit \u2014 we will connect you with the right contact person.<\/p><\/div><\/div><\/div><\/div><\/div><\/div><\/div>\n\n<div class=\"wp-block-lirico-spacer spacer spacer--center spacer--full\" style=\"min-height:96px\"><div class=\"spacer__container\"><div class=\"spacer__grid\"><div class=\"spacer__content\"><\/div><\/div><\/div><\/div>\n","protected":false},"excerpt":{"rendered":"","protected":false},"author":1,"featured_media":0,"parent":0,"menu_order":0,"comment_status":"closed","ping_status":"closed","template":"","meta":{"footnotes":""},"class_list":["post-785","page","type-page","status-publish","hentry"],"yoast_head":"<!-- This site is optimized with the Yoast SEO plugin v27.2 - https:\/\/yoast.com\/product\/yoast-seo-wordpress\/ -->\n<title>Our Team - LiReco<\/title>\n<meta name=\"description\" content=\"international healthcare recruitment with care and precision\" \/>\n<meta name=\"robots\" content=\"index, follow, max-snippet:-1, max-image-preview:large, max-video-preview:-1\" \/>\n<link rel=\"canonical\" href=\"https:\/\/lireco.se\/en\/vart-team\/\" \/>\n<meta property=\"og:locale\" content=\"en_US\" \/>\n<meta property=\"og:type\" content=\"article\" \/>\n<meta property=\"og:title\" content=\"Our Team - LiReco\" \/>\n<meta property=\"og:description\" content=\"international healthcare recruitment with care and precision\" \/>\n<meta property=\"og:url\" content=\"https:\/\/lireco.se\/en\/vart-team\/\" \/>\n<meta property=\"og:site_name\" content=\"LiReco\" \/>\n<meta property=\"article:publisher\" content=\"https:\/\/www.facebook.com\/lireco.se\" \/>\n<meta property=\"article:modified_time\" content=\"2026-04-01T08:39:47+00:00\" \/>\n<meta property=\"og:image\" content=\"https:\/\/lireco.se\/wp-content\/uploads\/2025\/09\/Rectangle-4679-1.png\" \/>\n<meta name=\"twitter:card\" content=\"summary_large_image\" \/>\n<meta name=\"twitter:label1\" content=\"Est. reading time\" \/>\n\t<meta name=\"twitter:data1\" content=\"3 minutes\" \/>\n<script type=\"application\/ld+json\" class=\"yoast-schema-graph\">{\"@context\":\"https:\/\/schema.org\",\"@graph\":[{\"@type\":\"WebPage\",\"@id\":\"https:\/\/lireco.se\/en\/vart-team\/\",\"url\":\"https:\/\/lireco.se\/en\/vart-team\/\",\"name\":\"Our Team - LiReco\",\"isPartOf\":{\"@id\":\"https:\/\/lireco.se\/en\/#website\"},\"primaryImageOfPage\":{\"@id\":\"https:\/\/lireco.se\/en\/vart-team\/#primaryimage\"},\"image\":{\"@id\":\"https:\/\/lireco.se\/en\/vart-team\/#primaryimage\"},\"thumbnailUrl\":\"https:\/\/lireco.se\/wp-content\/uploads\/2025\/09\/Rectangle-4679-1.png\",\"datePublished\":\"2025-10-10T11:16:23+00:00\",\"dateModified\":\"2026-04-01T08:39:47+00:00\",\"description\":\"international healthcare recruitment with care and precision\",\"breadcrumb\":{\"@id\":\"https:\/\/lireco.se\/en\/vart-team\/#breadcrumb\"},\"inLanguage\":\"en-US\",\"potentialAction\":[{\"@type\":\"ReadAction\",\"target\":[\"https:\/\/lireco.se\/en\/vart-team\/\"]}]},{\"@type\":\"ImageObject\",\"inLanguage\":\"en-US\",\"@id\":\"https:\/\/lireco.se\/en\/vart-team\/#primaryimage\",\"url\":\"https:\/\/lireco.se\/wp-content\/uploads\/2025\/09\/Rectangle-4679-1.png\",\"contentUrl\":\"https:\/\/lireco.se\/wp-content\/uploads\/2025\/09\/Rectangle-4679-1.png\"},{\"@type\":\"BreadcrumbList\",\"@id\":\"https:\/\/lireco.se\/en\/vart-team\/#breadcrumb\",\"itemListElement\":[{\"@type\":\"ListItem\",\"position\":1,\"name\":\"Home\",\"item\":\"https:\/\/lireco.se\/en\/\"},{\"@type\":\"ListItem\",\"position\":2,\"name\":\"Our Team\"}]},{\"@type\":\"WebSite\",\"@id\":\"https:\/\/lireco.se\/en\/#website\",\"url\":\"https:\/\/lireco.se\/en\/\",\"name\":\"LiReco\",\"description\":\"Li-Reco \u2013 Rekrytering och spr\u00e5kutbildning f\u00f6r svensk h\u00e4lso och sjukv\u00e5rd\",\"publisher\":{\"@id\":\"https:\/\/lireco.se\/en\/#organization\"},\"potentialAction\":[{\"@type\":\"SearchAction\",\"target\":{\"@type\":\"EntryPoint\",\"urlTemplate\":\"https:\/\/lireco.se\/en\/?s={search_term_string}\"},\"query-input\":{\"@type\":\"PropertyValueSpecification\",\"valueRequired\":true,\"valueName\":\"search_term_string\"}}],\"inLanguage\":\"en-US\"},{\"@type\":\"Organization\",\"@id\":\"https:\/\/lireco.se\/en\/#organization\",\"name\":\"LiReco\",\"url\":\"https:\/\/lireco.se\/en\/\",\"logo\":{\"@type\":\"ImageObject\",\"inLanguage\":\"en-US\",\"@id\":\"https:\/\/lireco.se\/en\/#\/schema\/logo\/image\/\",\"url\":\"https:\/\/lireco.se\/wp-content\/uploads\/2025\/11\/cropped-logo-lireco-1.png\",\"contentUrl\":\"https:\/\/lireco.se\/wp-content\/uploads\/2025\/11\/cropped-logo-lireco-1.png\",\"width\":384,\"height\":173,\"caption\":\"LiReco\"},\"image\":{\"@id\":\"https:\/\/lireco.se\/en\/#\/schema\/logo\/image\/\"},\"sameAs\":[\"https:\/\/www.facebook.com\/lireco.se\"]}]}<\/script>\n<!-- \/ Yoast SEO plugin. -->","yoast_head_json":{"title":"Our Team - LiReco","description":"international healthcare recruitment with care and precision","robots":{"index":"index","follow":"follow","max-snippet":"max-snippet:-1","max-image-preview":"max-image-preview:large","max-video-preview":"max-video-preview:-1"},"canonical":"https:\/\/lireco.se\/en\/vart-team\/","og_locale":"en_US","og_type":"article","og_title":"Our Team - LiReco","og_description":"international healthcare recruitment with care and precision","og_url":"https:\/\/lireco.se\/en\/vart-team\/","og_site_name":"LiReco","article_publisher":"https:\/\/www.facebook.com\/lireco.se","article_modified_time":"2026-04-01T08:39:47+00:00","og_image":[{"url":"https:\/\/lireco.se\/wp-content\/uploads\/2025\/09\/Rectangle-4679-1.png","type":"","width":"","height":""}],"twitter_card":"summary_large_image","twitter_misc":{"Est. reading time":"3 minutes"},"schema":{"@context":"https:\/\/schema.org","@graph":[{"@type":"WebPage","@id":"https:\/\/lireco.se\/en\/vart-team\/","url":"https:\/\/lireco.se\/en\/vart-team\/","name":"Our Team - LiReco","isPartOf":{"@id":"https:\/\/lireco.se\/en\/#website"},"primaryImageOfPage":{"@id":"https:\/\/lireco.se\/en\/vart-team\/#primaryimage"},"image":{"@id":"https:\/\/lireco.se\/en\/vart-team\/#primaryimage"},"thumbnailUrl":"https:\/\/lireco.se\/wp-content\/uploads\/2025\/09\/Rectangle-4679-1.png","datePublished":"2025-10-10T11:16:23+00:00","dateModified":"2026-04-01T08:39:47+00:00","description":"international healthcare recruitment with care and precision","breadcrumb":{"@id":"https:\/\/lireco.se\/en\/vart-team\/#breadcrumb"},"inLanguage":"en-US","potentialAction":[{"@type":"ReadAction","target":["https:\/\/lireco.se\/en\/vart-team\/"]}]},{"@type":"ImageObject","inLanguage":"en-US","@id":"https:\/\/lireco.se\/en\/vart-team\/#primaryimage","url":"https:\/\/lireco.se\/wp-content\/uploads\/2025\/09\/Rectangle-4679-1.png","contentUrl":"https:\/\/lireco.se\/wp-content\/uploads\/2025\/09\/Rectangle-4679-1.png"},{"@type":"BreadcrumbList","@id":"https:\/\/lireco.se\/en\/vart-team\/#breadcrumb","itemListElement":[{"@type":"ListItem","position":1,"name":"Home","item":"https:\/\/lireco.se\/en\/"},{"@type":"ListItem","position":2,"name":"Our Team"}]},{"@type":"WebSite","@id":"https:\/\/lireco.se\/en\/#website","url":"https:\/\/lireco.se\/en\/","name":"LiReco","description":"Li-Reco \u2013 Rekrytering och spr\u00e5kutbildning f\u00f6r svensk h\u00e4lso och sjukv\u00e5rd","publisher":{"@id":"https:\/\/lireco.se\/en\/#organization"},"potentialAction":[{"@type":"SearchAction","target":{"@type":"EntryPoint","urlTemplate":"https:\/\/lireco.se\/en\/?s={search_term_string}"},"query-input":{"@type":"PropertyValueSpecification","valueRequired":true,"valueName":"search_term_string"}}],"inLanguage":"en-US"},{"@type":"Organization","@id":"https:\/\/lireco.se\/en\/#organization","name":"LiReco","url":"https:\/\/lireco.se\/en\/","logo":{"@type":"ImageObject","inLanguage":"en-US","@id":"https:\/\/lireco.se\/en\/#\/schema\/logo\/image\/","url":"https:\/\/lireco.se\/wp-content\/uploads\/2025\/11\/cropped-logo-lireco-1.png","contentUrl":"https:\/\/lireco.se\/wp-content\/uploads\/2025\/11\/cropped-logo-lireco-1.png","width":384,"height":173,"caption":"LiReco"},"image":{"@id":"https:\/\/lireco.se\/en\/#\/schema\/logo\/image\/"},"sameAs":["https:\/\/www.facebook.com\/lireco.se"]}]}},"_links":{"self":[{"href":"https:\/\/lireco.se\/en\/wp-json\/wp\/v2\/pages\/785","targetHints":{"allow":["GET"]}}],"collection":[{"href":"https:\/\/lireco.se\/en\/wp-json\/wp\/v2\/pages"}],"about":[{"href":"https:\/\/lireco.se\/en\/wp-json\/wp\/v2\/types\/page"}],"author":[{"embeddable":true,"href":"https:\/\/lireco.se\/en\/wp-json\/wp\/v2\/users\/1"}],"replies":[{"embeddable":true,"href":"https:\/\/lireco.se\/en\/wp-json\/wp\/v2\/comments?post=785"}],"version-history":[{"count":13,"href":"https:\/\/lireco.se\/en\/wp-json\/wp\/v2\/pages\/785\/revisions"}],"predecessor-version":[{"id":1184,"href":"https:\/\/lireco.se\/en\/wp-json\/wp\/v2\/pages\/785\/revisions\/1184"}],"wp:attachment":[{"href":"https:\/\/lireco.se\/en\/wp-json\/wp\/v2\/media?parent=785"}],"curies":[{"name":"wp","href":"https:\/\/api.w.org\/{rel}","templated":true}]}}